{"id":422,"date":"2025-01-01T00:00:21","date_gmt":"2025-01-01T00:00:21","guid":{"rendered":"http:\/\/fxb.dhr.mybluehost.me\/website_36d6abfc\/?page_id=422"},"modified":"2025-11-14T20:46:51","modified_gmt":"2025-11-14T20:46:51","slug":"etablissements-denseignement","status":"publish","type":"page","link":"https:\/\/signalitup.com\/fr\/secteurs\/etablissements-denseignement\/","title":{"rendered":"\u00c9tablissements d&#8217;enseignement"},"content":{"rendered":"<div class=\"gb-container gb-container-9a1a9cd9\">\n<div class=\"gb-container gb-container-ae1f9d2a\">\n\n<h1 class=\"gb-headline gb-headline-6f7d506a gb-headline-text\">\u00c9tablissements d&#8217;enseignement<\/h1>\n\n\n\n<p class=\"gb-headline gb-headline-096b73d5 gb-headline-text text-size-25\">S&#8217;attaquer de front au harc\u00e8lement scolaire !<\/p>\n\n\n\n<a class=\"aos-zoom-in gb-button gb-button-563c5be1 gb-button-text\" href=\"https:\/\/app.signalitup.com\/signup\">Essai gratuit<\/a>\n\n\n\n<a class=\"aos-zoom-in aos-delay-100 gb-button gb-button-d3221b62 gb-button-text\" href=\"https:\/\/app.signalitup.com\/tag\/67d855b609ac441ee83e756e\" target=\"_blank\" rel=\"noopener noreferrer\">R\u00e9server une d\u00e9mo<\/a>\n\n<\/div>\n<\/div>\n\n<div class=\"gb-container gb-container-1665efaf\">\n<div class=\"gb-container gb-container-248bc37f\">\n<div class=\"gb-grid-wrapper gb-grid-wrapper-42b8901c\">\n<div class=\"gb-grid-column gb-grid-column-1d578902\"><div class=\"gb-container gb-container-1d578902\">\n\n<h3 class=\"gb-headline gb-headline-d95705b5 gb-headline-text\">Pourquoi choisir Signal-Le<br>pour votre \u00e9tablissement d&#8217;enseignement ?<\/h3>\n\n\n\n<p class=\"gb-headline gb-headline-d25df04f gb-headline-text text-size-25\">Nous croyons en la promotion d&#8217;un environnement transparent et \u00e9thique dans les \u00e9tablissements d&#8217;enseignement. Signal-Le permet aux \u00e9l\u00e8ves, aux enseignants et au personnel de s&#8217;exprimer et de d\u00e9noncer les comportements r\u00e9pr\u00e9hensibles, en particulier les brimades, de mani\u00e8re confidentielle et s\u00fbre. Le signalement des brimades est essentiel \u00e0 la cr\u00e9ation d&#8217;une communaut\u00e9 s\u00fbre et solidaire. Rejoignez le nombre croissant d&#8217;\u00e9tablissements qui accordent la priorit\u00e9 \u00e0 l&#8217;int\u00e9grit\u00e9 et \u00e0 la confiance.<\/p>\n\n<\/div><\/div>\n\n<div class=\"gb-grid-column gb-grid-column-d3ec277f\"><div class=\"gb-container gb-container-d3ec277f\">\n\n<figure class=\"gb-block-image gb-block-image-fc8e11ce\"><img decoding=\"async\" loading=\"lazy\" width=\"865\" height=\"700\" class=\"gb-image gb-image-fc8e11ce\" src=\"http:\/\/fxb.dhr.mybluehost.me\/website_36d6abfc\/wp-content\/uploads\/2025\/02\/sector-education-about.webp\" alt=\"\" title=\"sector-education-about\" srcset=\"https:\/\/signalitup.com\/wp-content\/uploads\/2025\/02\/sector-education-about.webp 865w, https:\/\/signalitup.com\/wp-content\/uploads\/2025\/02\/sector-education-about-300x243.webp 300w, https:\/\/signalitup.com\/wp-content\/uploads\/2025\/02\/sector-education-about-768x622.webp 768w\" sizes=\"auto, (max-width: 865px) 100vw, 865px\" \/><\/figure>\n\n<\/div><\/div>\n<\/div>\n<\/div>\n<\/div>\n\n<div class=\"gb-container gb-container-4ba7e8a2\">\n<div class=\"gb-container gb-container-81a5ad19\">\n\n<h2 class=\"gb-headline gb-headline-e938d28a gb-headline-text\">Plate-forme de leadership compl\u00e8te<\/h2>\n\n\n\n<p class=\"gb-headline gb-headline-80888298 gb-headline-text text-size-25\">Dans l&#8217;environnement professionnel actuel, qui \u00e9volue rapidement, le maintien d&#8217;un lieu de travail s\u00fbr et respectueux est essentiel pour la productivit\u00e9 et le bien-\u00eatre des employ\u00e9s. Signal-Le permet aux employ\u00e9s de signaler en toute confidentialit\u00e9 les cas de harc\u00e8lement, les comportements inappropri\u00e9s et les probl\u00e8mes de s\u00e9curit\u00e9. Rejoignez le nombre croissant d&#8217;organisations qui accordent la priorit\u00e9 \u00e0 l&#8217;int\u00e9grit\u00e9 et \u00e0 la confiance.<\/p>\n\n\n<div class=\"gb-grid-wrapper gb-grid-wrapper-1e1af73c\">\n<div class=\"gb-grid-column gb-grid-column-db6ebce4\"><div class=\"gb-container gb-container-db6ebce4 aos-zoom-in\">\n\n<figure class=\"gb-block-image gb-block-image-2c94b05c\"><img decoding=\"async\" loading=\"lazy\" width=\"136\" height=\"136\" class=\"gb-image gb-image-2c94b05c\" src=\"http:\/\/fxb.dhr.mybluehost.me\/website_36d6abfc\/wp-content\/uploads\/2025\/02\/icon-anonymity.webp\" alt=\"\" title=\"icon-anonymity\"\/><\/figure>\n\n\n\n<h4 class=\"gb-headline gb-headline-f2feb6ef gb-headline-text text-size-25\">Anonymat<\/h4>\n\n\n\n<p class=\"gb-headline gb-headline-87fc26e9 gb-headline-text text-size-22\">Les employ\u00e9s peuvent soumettre des rapports sans r\u00e9v\u00e9ler leur identit\u00e9.<\/p>\n\n<\/div><\/div>\n\n<div class=\"gb-grid-column gb-grid-column-eaad1bb0\"><div class=\"gb-container gb-container-eaad1bb0 aos-zoom-in aos-delay-100\">\n\n<figure class=\"gb-block-image gb-block-image-0a93497d\"><img decoding=\"async\" loading=\"lazy\" width=\"136\" height=\"136\" class=\"gb-image gb-image-0a93497d\" src=\"http:\/\/fxb.dhr.mybluehost.me\/website_36d6abfc\/wp-content\/uploads\/2025\/02\/icon-security.webp\" alt=\"\" title=\"icon-security\"\/><\/figure>\n\n\n\n<h4 class=\"gb-headline gb-headline-c727bcbc gb-headline-text text-size-25\">S\u00e9curis\u00e9<\/h4>\n\n\n\n<p class=\"gb-headline gb-headline-07cfddc4 gb-headline-text text-size-22\">Con\u00e7u pour prot\u00e9ger les communications sensibles.<\/p>\n\n<\/div><\/div>\n\n<div class=\"gb-grid-column gb-grid-column-4cb1af99\"><div class=\"gb-container gb-container-4cb1af99 aos-zoom-in aos-delay-200\">\n\n<figure class=\"gb-block-image gb-block-image-5059b0f8\"><img decoding=\"async\" loading=\"lazy\" width=\"136\" height=\"136\" class=\"gb-image gb-image-5059b0f8\" src=\"http:\/\/fxb.dhr.mybluehost.me\/website_36d6abfc\/wp-content\/uploads\/2025\/02\/icon-time.webp\" alt=\"\" title=\"icon-time\"\/><\/figure>\n\n\n\n<h4 class=\"gb-headline gb-headline-a4322932 gb-headline-text text-size-25\">Accessibilit\u00e9 24\/7<\/h4>\n\n\n\n<p class=\"gb-headline gb-headline-fea04051 gb-headline-text text-size-22\">Les rapports peuvent \u00eatre \u00e9tablis \u00e0 tout moment, \u00e0 partir de n&#8217;importe quel appareil.<\/p>\n\n<\/div><\/div>\n<\/div>\n\n\n<div style=\"height:30px\" aria-hidden=\"true\" class=\"wp-block-spacer\"><\/div>\n\n\n\n<a class=\"aos-zoom-in aos-delay-300 gb-button gb-button-7fec180d gb-button-text\" href=\"https:\/\/app.signalitup.com\/signup\">Essai gratuit<\/a>\n\n\n\n<a class=\"aos-zoom-in aos-delay-400 gb-button gb-button-269310d9 gb-button-text\" href=\"https:\/\/app.signalitup.com\/tag\/67d855b609ac441ee83e756e\" target=\"_blank\" rel=\"noopener noreferrer\">R\u00e9server une d\u00e9mo<\/a>\n\n<\/div>\n<\/div>\n\n<div class=\"gb-container gb-container-fce3d723\">\n\n<h2 class=\"gb-headline gb-headline-53308d63 gb-headline-text\">Des caract\u00e9ristiques qui font la diff\u00e9rence<\/h2>\n\n\n<div class=\"gb-container gb-container-a75f87d2\">\n<div class=\"gb-grid-wrapper gb-grid-wrapper-72b6a1d3\">\n<div class=\"gb-grid-column gb-grid-column-c149192b\"><div class=\"gb-container gb-container-c149192b\">\n\n<h3 class=\"gb-headline gb-headline-3144f2dd gb-headline-text\">Aucune demande ni cr\u00e9ation de compte n&#8217;est n\u00e9cessaire<\/h3>\n\n\n\n<p class=\"gb-headline gb-headline-a287a05e gb-headline-text text-size-25\">Acc\u00e8s facile sans t\u00e9l\u00e9chargement d&#8217;application ni cr\u00e9ation de compte<\/p>\n\n\n\n<a class=\"aos-zoom-in gb-button gb-button-2771084c gb-button-text\" href=\"https:\/\/app.signalitup.com\/signup\">Essai gratuit<\/a>\n\n\n\n<a class=\"aos-zoom-in aos-delay-100 gb-button gb-button-33a9feb1 gb-button-text\" href=\"https:\/\/app.signalitup.com\/tag\/67d855b609ac441ee83e756e\" target=\"_blank\" rel=\"noopener noreferrer\">R\u00e9server une d\u00e9mo<\/a>\n\n<\/div><\/div>\n\n<div class=\"gb-grid-column gb-grid-column-7c93a111\"><div class=\"gb-container gb-container-7c93a111\">\n\n<figure class=\"gb-block-image gb-block-image-facf01ed\"><img decoding=\"async\" loading=\"lazy\" width=\"911\" height=\"711\" class=\"gb-image gb-image-facf01ed\" src=\"http:\/\/fxb.dhr.mybluehost.me\/website_36d6abfc\/wp-content\/uploads\/2025\/01\/signalitup-manage.webp\" alt=\"\" title=\"signalitup-manage\" srcset=\"https:\/\/signalitup.com\/wp-content\/uploads\/2025\/01\/signalitup-manage.webp 911w, https:\/\/signalitup.com\/wp-content\/uploads\/2025\/01\/signalitup-manage-300x234.webp 300w, https:\/\/signalitup.com\/wp-content\/uploads\/2025\/01\/signalitup-manage-768x599.webp 768w\" sizes=\"auto, (max-width: 911px) 100vw, 911px\" \/><\/figure>\n\n<\/div><\/div>\n\n<div class=\"gb-grid-column gb-grid-column-2289aef7\"><div class=\"gb-container gb-container-2289aef7\">\n\n<figure class=\"gb-block-image gb-block-image-bfd1ac63\"><img decoding=\"async\" loading=\"lazy\" width=\"608\" height=\"488\" class=\"gb-image gb-image-bfd1ac63\" src=\"http:\/\/fxb.dhr.mybluehost.me\/website_36d6abfc\/wp-content\/uploads\/2025\/02\/product-screenshot-d.webp\" alt=\"\" title=\"product-screenshot-d\" srcset=\"https:\/\/signalitup.com\/wp-content\/uploads\/2025\/02\/product-screenshot-d.webp 608w, https:\/\/signalitup.com\/wp-content\/uploads\/2025\/02\/product-screenshot-d-300x241.webp 300w\" sizes=\"auto, (max-width: 608px) 100vw, 608px\" \/><\/figure>\n\n<\/div><\/div>\n\n<div class=\"gb-grid-column gb-grid-column-97dee2da\"><div class=\"gb-container gb-container-97dee2da\">\n\n<h3 class=\"gb-headline gb-headline-370d36d8 gb-headline-text\">Une exp\u00e9rience personnalisable<\/h3>\n\n\n\n<p class=\"gb-headline gb-headline-6163817b gb-headline-text text-size-25\">Adaptez la plateforme aux besoins de votre organisation gr\u00e2ce \u00e0 de multiples options de reporting.<\/p>\n\n\n\n<a class=\"aos-zoom-in gb-button gb-button-611fe84c gb-button-text\" href=\"https:\/\/app.signalitup.com\/signup\">Essai gratuit<\/a>\n\n\n\n<a class=\"aos-zoom-in aos-delay-100 gb-button gb-button-cf3a7eb6 gb-button-text\" href=\"https:\/\/app.signalitup.com\/tag\/67d855b609ac441ee83e756e\" target=\"_blank\" rel=\"noopener noreferrer\">R\u00e9server une d\u00e9mo<\/a>\n\n<\/div><\/div>\n\n<div class=\"gb-grid-column gb-grid-column-6adf83ba\"><div class=\"gb-container gb-container-6adf83ba\">\n\n<h3 class=\"gb-headline gb-headline-39ce4f57 gb-headline-text\">Alertes et notifications en temps r\u00e9el<\/h3>\n\n\n\n<p class=\"gb-headline gb-headline-b92b120e gb-headline-text text-size-25\">Restez inform\u00e9 gr\u00e2ce \u00e0 des mises \u00e0 jour instantan\u00e9es sur les nouveaux rapports et l&#8217;\u00e9tat d&#8217;avancement des dossiers.<\/p>\n\n\n\n<a class=\"aos-zoom-in gb-button gb-button-cb1843e3 gb-button-text\" href=\"https:\/\/app.signalitup.com\/signup\">Essai gratuit<\/a>\n\n\n\n<a class=\"aos-zoom-in aos-delay-100 gb-button gb-button-090c3ffc gb-button-text\" href=\"https:\/\/app.signalitup.com\/tag\/67d855b609ac441ee83e756e\" target=\"_blank\" rel=\"noopener noreferrer\">R\u00e9server une d\u00e9mo<\/a>\n\n<\/div><\/div>\n\n<div class=\"gb-grid-column gb-grid-column-7553deba\"><div class=\"gb-container gb-container-7553deba\">\n\n<figure class=\"gb-block-image gb-block-image-eec5871c\"><img decoding=\"async\" loading=\"lazy\" width=\"603\" height=\"473\" class=\"gb-image gb-image-eec5871c\" src=\"http:\/\/fxb.dhr.mybluehost.me\/website_36d6abfc\/wp-content\/uploads\/2025\/01\/product-screenshot-c.webp\" alt=\"\" title=\"product-screenshot-c\" srcset=\"https:\/\/signalitup.com\/wp-content\/uploads\/2025\/01\/product-screenshot-c.webp 603w, https:\/\/signalitup.com\/wp-content\/uploads\/2025\/01\/product-screenshot-c-300x235.webp 300w\" sizes=\"auto, (max-width: 603px) 100vw, 603px\" \/><\/figure>\n\n<\/div><\/div>\n<\/div>\n<\/div>\n<\/div>\n\n<div class=\"gb-container gb-container-7b8d18e3\">\n<div class=\"gb-container gb-container-0645e395\">\n\n<h2 class=\"gb-headline gb-headline-47f8ce0b gb-headline-text\">Comment cela fonctionne-t-il ?<\/h2>\n\n\n\n<p class=\"gb-headline gb-headline-d5c86f17 gb-headline-text text-size-25\">Trouvez les r\u00e9ponses aux questions les plus courantes sur nos services et nos produits.<\/p>\n\n\n\n<div style=\"height:30px\" aria-hidden=\"true\" class=\"wp-block-spacer\"><\/div>\n\n\n<div class=\"gb-grid-wrapper gb-grid-wrapper-d29361bc\">\n<div class=\"gb-grid-column gb-grid-column-72741917\"><div class=\"gb-container gb-container-72741917 aos-fade-up\">\n<div class=\"gb-container gb-container-ee06d997\">\n\n<h2 class=\"gb-headline gb-headline-f9c710ec gb-headline-text\">1<\/h2>\n\n<\/div>\n\n\n<h4 class=\"gb-headline gb-headline-0cd1f648 gb-headline-text text-size-25\">Soumettre un rapport<\/h4>\n\n\n\n<p class=\"gb-headline gb-headline-a53ba40c gb-headline-text text-size-22\">Les employ\u00e9s peuvent facilement soumettre des rapports par le biais de notre plateforme s\u00e9curis\u00e9e.<\/p>\n\n<\/div><\/div>\n\n<div class=\"gb-grid-column gb-grid-column-dbdb4a95\"><div class=\"gb-container gb-container-dbdb4a95 aos-fade-up aos-delay-100\">\n<div class=\"gb-container gb-container-611e2236\">\n\n<h2 class=\"gb-headline gb-headline-8a28db63 gb-headline-text\">2<\/h2>\n\n<\/div>\n\n\n<h4 class=\"gb-headline gb-headline-c8706ebf gb-headline-text text-size-25\">Examiner et r\u00e9pondre<\/h4>\n\n\n\n<p class=\"gb-headline gb-headline-cbe6f3b6 gb-headline-text text-size-22\">Les \u00e9quipes RH re\u00e7oivent et examinent les rapports et prennent les mesures qui s&#8217;imposent.<\/p>\n\n<\/div><\/div>\n\n<div class=\"gb-grid-column gb-grid-column-232e4029\"><div class=\"gb-container gb-container-232e4029 aos-fade-up aos-delay-200\">\n<div class=\"gb-container gb-container-7a693073\">\n\n<h2 class=\"gb-headline gb-headline-8c616742 gb-headline-text\">3<\/h2>\n\n<\/div>\n\n\n<h4 class=\"gb-headline gb-headline-ac121aa0 gb-headline-text text-size-25\">R\u00e9aliser, R\u00e9soudre, Enregistrer<\/h4>\n\n\n\n<p class=\"gb-headline gb-headline-baf1f04b gb-headline-text text-size-22\">R\u00e9soudre les cas tout en obtenant des informations pr\u00e9cieuses pour pr\u00e9venir les probl\u00e8mes futurs.<\/p>\n\n<\/div><\/div>\n<\/div>\n\n\n<div style=\"height:30px\" aria-hidden=\"true\" class=\"wp-block-spacer\"><\/div>\n\n\n\n<a class=\"aos-zoom-in aos-delay-300 gb-button gb-button-73ef08b2 gb-button-text\" href=\"https:\/\/app.signalitup.com\/signup\">Essai gratuit<\/a>\n\n\n\n<a class=\"aos-zoom-in aos-delay-400 gb-button gb-button-44026188 gb-button-text\" href=\"https:\/\/app.signalitup.com\/tag\/67d855b609ac441ee83e756e\" target=\"_blank\" rel=\"noopener noreferrer\">R\u00e9server une d\u00e9mo<\/a>\n\n<\/div>\n<\/div>","protected":false},"excerpt":{"rendered":"<p>\u00c9tablissements d&#8217;enseignement S&#8217;attaquer de front au harc\u00e8lement scolaire !<\/p>\n","protected":false},"author":2,"featured_media":0,"parent":408,"menu_order":0,"comment_status":"closed","ping_status":"closed","template":"","meta":{"nf_dc_page":"","footnotes":""},"class_list":["post-422","page","type-page","status-publish"],"yoast_head":"<!-- This site is optimized with the Yoast SEO plugin v27.3 - https:\/\/yoast.com\/product\/yoast-seo-wordpress\/ -->\n<title>\u00c9tablissements d\u2019enseignement | SignalitUP<\/title>\n<meta name=\"description\" content=\"SignalitUP permet aux \u00e9l\u00e8ves et au personnel de s\u2019exprimer et de d\u00e9noncer les comportements r\u00e9pr\u00e9hensibles de mani\u00e8re confidentielle et s\u00fbre.\" \/>\n<meta name=\"robots\" content=\"index, follow, max-snippet:-1, max-image-preview:large, max-video-preview:-1\" \/>\n<link rel=\"canonical\" href=\"https:\/\/signalitup.com\/fr\/secteurs\/etablissements-denseignement\/\" \/>\n<meta property=\"og:locale\" content=\"fr_FR\" \/>\n<meta property=\"og:type\" content=\"article\" \/>\n<meta property=\"og:title\" content=\"\u00c9tablissements d\u2019enseignement | SignalitUP\" \/>\n<meta property=\"og:description\" content=\"SignalitUP permet aux \u00e9l\u00e8ves et au personnel de s\u2019exprimer et de d\u00e9noncer les comportements r\u00e9pr\u00e9hensibles de mani\u00e8re confidentielle et s\u00fbre.\" \/>\n<meta property=\"og:url\" content=\"https:\/\/signalitup.com\/fr\/secteurs\/etablissements-denseignement\/\" \/>\n<meta property=\"og:site_name\" content=\"SignalitUP\" \/>\n<meta property=\"article:modified_time\" content=\"2025-11-14T20:46:51+00:00\" \/>\n<meta property=\"og:image\" content=\"https:\/\/signalitup.com\/wp-content\/uploads\/2025\/03\/Group-2044.jpg\" \/>\n\t<meta property=\"og:image:width\" content=\"1200\" \/>\n\t<meta property=\"og:image:height\" content=\"630\" \/>\n\t<meta property=\"og:image:type\" content=\"image\/jpeg\" \/>\n<meta name=\"twitter:card\" content=\"summary_large_image\" \/>\n<meta name=\"twitter:site\" content=\"@signalitup\" \/>\n<script type=\"application\/ld+json\" class=\"yoast-schema-graph\">{\"@context\":\"https:\\\/\\\/schema.org\",\"@graph\":[{\"@type\":\"WebPage\",\"@id\":\"https:\\\/\\\/signalitup.com\\\/fr\\\/secteurs\\\/etablissements-denseignement\\\/\",\"url\":\"https:\\\/\\\/signalitup.com\\\/fr\\\/secteurs\\\/etablissements-denseignement\\\/\",\"name\":\"\u00c9tablissements d\u2019enseignement | SignalitUP\",\"isPartOf\":{\"@id\":\"https:\\\/\\\/signalitup.com\\\/fr\\\/#website\"},\"primaryImageOfPage\":{\"@id\":\"https:\\\/\\\/signalitup.com\\\/fr\\\/secteurs\\\/etablissements-denseignement\\\/#primaryimage\"},\"image\":{\"@id\":\"https:\\\/\\\/signalitup.com\\\/fr\\\/secteurs\\\/etablissements-denseignement\\\/#primaryimage\"},\"thumbnailUrl\":\"http:\\\/\\\/fxb.dhr.mybluehost.me\\\/website_36d6abfc\\\/wp-content\\\/uploads\\\/2025\\\/02\\\/sector-education-about.webp\",\"datePublished\":\"2025-01-01T00:00:21+00:00\",\"dateModified\":\"2025-11-14T20:46:51+00:00\",\"description\":\"SignalitUP permet aux \u00e9l\u00e8ves et au personnel de s\u2019exprimer et de d\u00e9noncer les comportements r\u00e9pr\u00e9hensibles de mani\u00e8re confidentielle et s\u00fbre.\",\"breadcrumb\":{\"@id\":\"https:\\\/\\\/signalitup.com\\\/fr\\\/secteurs\\\/etablissements-denseignement\\\/#breadcrumb\"},\"inLanguage\":\"fr-FR\",\"potentialAction\":[{\"@type\":\"ReadAction\",\"target\":[\"https:\\\/\\\/signalitup.com\\\/fr\\\/secteurs\\\/etablissements-denseignement\\\/\"]}]},{\"@type\":\"ImageObject\",\"inLanguage\":\"fr-FR\",\"@id\":\"https:\\\/\\\/signalitup.com\\\/fr\\\/secteurs\\\/etablissements-denseignement\\\/#primaryimage\",\"url\":\"http:\\\/\\\/fxb.dhr.mybluehost.me\\\/website_36d6abfc\\\/wp-content\\\/uploads\\\/2025\\\/02\\\/sector-education-about.webp\",\"contentUrl\":\"http:\\\/\\\/fxb.dhr.mybluehost.me\\\/website_36d6abfc\\\/wp-content\\\/uploads\\\/2025\\\/02\\\/sector-education-about.webp\"},{\"@type\":\"BreadcrumbList\",\"@id\":\"https:\\\/\\\/signalitup.com\\\/fr\\\/secteurs\\\/etablissements-denseignement\\\/#breadcrumb\",\"itemListElement\":[{\"@type\":\"ListItem\",\"position\":1,\"name\":\"Home\",\"item\":\"https:\\\/\\\/signalitup.com\\\/fr\\\/\"},{\"@type\":\"ListItem\",\"position\":2,\"name\":\"Secteurs\",\"item\":\"https:\\\/\\\/signalitup.com\\\/fr\\\/secteurs\\\/\"},{\"@type\":\"ListItem\",\"position\":3,\"name\":\"\u00c9tablissements d&#8217;enseignement\"}]},{\"@type\":\"WebSite\",\"@id\":\"https:\\\/\\\/signalitup.com\\\/fr\\\/#website\",\"url\":\"https:\\\/\\\/signalitup.com\\\/fr\\\/\",\"name\":\"SignalitUP\",\"description\":\"Safeguard Your Brand, Build Trust, Elevate Culture\",\"publisher\":{\"@id\":\"https:\\\/\\\/signalitup.com\\\/fr\\\/#organization\"},\"potentialAction\":[{\"@type\":\"SearchAction\",\"target\":{\"@type\":\"EntryPoint\",\"urlTemplate\":\"https:\\\/\\\/signalitup.com\\\/fr\\\/?s={search_term_string}\"},\"query-input\":{\"@type\":\"PropertyValueSpecification\",\"valueRequired\":true,\"valueName\":\"search_term_string\"}}],\"inLanguage\":\"fr-FR\"},{\"@type\":\"Organization\",\"@id\":\"https:\\\/\\\/signalitup.com\\\/fr\\\/#organization\",\"name\":\"SignalitUP\",\"url\":\"https:\\\/\\\/signalitup.com\\\/fr\\\/\",\"logo\":{\"@type\":\"ImageObject\",\"inLanguage\":\"fr-FR\",\"@id\":\"https:\\\/\\\/signalitup.com\\\/fr\\\/#\\\/schema\\\/logo\\\/image\\\/\",\"url\":\"https:\\\/\\\/signalitup.com\\\/wp-content\\\/uploads\\\/2025\\\/10\\\/logo-signal-le.webp\",\"contentUrl\":\"https:\\\/\\\/signalitup.com\\\/wp-content\\\/uploads\\\/2025\\\/10\\\/logo-signal-le.webp\",\"width\":450,\"height\":114,\"caption\":\"SignalitUP\"},\"image\":{\"@id\":\"https:\\\/\\\/signalitup.com\\\/fr\\\/#\\\/schema\\\/logo\\\/image\\\/\"},\"sameAs\":[\"https:\\\/\\\/x.com\\\/signalitup\",\"https:\\\/\\\/www.instagram.com\\\/signalitup\\\/\",\"https:\\\/\\\/www.linkedin.com\\\/company\\\/signalitup\"]}]}<\/script>\n<!-- \/ Yoast SEO plugin. -->","yoast_head_json":{"title":"\u00c9tablissements d\u2019enseignement | SignalitUP","description":"SignalitUP permet aux \u00e9l\u00e8ves et au personnel de s\u2019exprimer et de d\u00e9noncer les comportements r\u00e9pr\u00e9hensibles de mani\u00e8re confidentielle et s\u00fbre.","robots":{"index":"index","follow":"follow","max-snippet":"max-snippet:-1","max-image-preview":"max-image-preview:large","max-video-preview":"max-video-preview:-1"},"canonical":"https:\/\/signalitup.com\/fr\/secteurs\/etablissements-denseignement\/","og_locale":"fr_FR","og_type":"article","og_title":"\u00c9tablissements d\u2019enseignement | SignalitUP","og_description":"SignalitUP permet aux \u00e9l\u00e8ves et au personnel de s\u2019exprimer et de d\u00e9noncer les comportements r\u00e9pr\u00e9hensibles de mani\u00e8re confidentielle et s\u00fbre.","og_url":"https:\/\/signalitup.com\/fr\/secteurs\/etablissements-denseignement\/","og_site_name":"SignalitUP","article_modified_time":"2025-11-14T20:46:51+00:00","og_image":[{"width":1200,"height":630,"url":"https:\/\/signalitup.com\/wp-content\/uploads\/2025\/03\/Group-2044.jpg","type":"image\/jpeg"}],"twitter_card":"summary_large_image","twitter_site":"@signalitup","schema":{"@context":"https:\/\/schema.org","@graph":[{"@type":"WebPage","@id":"https:\/\/signalitup.com\/fr\/secteurs\/etablissements-denseignement\/","url":"https:\/\/signalitup.com\/fr\/secteurs\/etablissements-denseignement\/","name":"\u00c9tablissements d\u2019enseignement | SignalitUP","isPartOf":{"@id":"https:\/\/signalitup.com\/fr\/#website"},"primaryImageOfPage":{"@id":"https:\/\/signalitup.com\/fr\/secteurs\/etablissements-denseignement\/#primaryimage"},"image":{"@id":"https:\/\/signalitup.com\/fr\/secteurs\/etablissements-denseignement\/#primaryimage"},"thumbnailUrl":"http:\/\/fxb.dhr.mybluehost.me\/website_36d6abfc\/wp-content\/uploads\/2025\/02\/sector-education-about.webp","datePublished":"2025-01-01T00:00:21+00:00","dateModified":"2025-11-14T20:46:51+00:00","description":"SignalitUP permet aux \u00e9l\u00e8ves et au personnel de s\u2019exprimer et de d\u00e9noncer les comportements r\u00e9pr\u00e9hensibles de mani\u00e8re confidentielle et s\u00fbre.","breadcrumb":{"@id":"https:\/\/signalitup.com\/fr\/secteurs\/etablissements-denseignement\/#breadcrumb"},"inLanguage":"fr-FR","potentialAction":[{"@type":"ReadAction","target":["https:\/\/signalitup.com\/fr\/secteurs\/etablissements-denseignement\/"]}]},{"@type":"ImageObject","inLanguage":"fr-FR","@id":"https:\/\/signalitup.com\/fr\/secteurs\/etablissements-denseignement\/#primaryimage","url":"http:\/\/fxb.dhr.mybluehost.me\/website_36d6abfc\/wp-content\/uploads\/2025\/02\/sector-education-about.webp","contentUrl":"http:\/\/fxb.dhr.mybluehost.me\/website_36d6abfc\/wp-content\/uploads\/2025\/02\/sector-education-about.webp"},{"@type":"BreadcrumbList","@id":"https:\/\/signalitup.com\/fr\/secteurs\/etablissements-denseignement\/#breadcrumb","itemListElement":[{"@type":"ListItem","position":1,"name":"Home","item":"https:\/\/signalitup.com\/fr\/"},{"@type":"ListItem","position":2,"name":"Secteurs","item":"https:\/\/signalitup.com\/fr\/secteurs\/"},{"@type":"ListItem","position":3,"name":"\u00c9tablissements d&#8217;enseignement"}]},{"@type":"WebSite","@id":"https:\/\/signalitup.com\/fr\/#website","url":"https:\/\/signalitup.com\/fr\/","name":"SignalitUP","description":"Safeguard Your Brand, Build Trust, Elevate Culture","publisher":{"@id":"https:\/\/signalitup.com\/fr\/#organization"},"potentialAction":[{"@type":"SearchAction","target":{"@type":"EntryPoint","urlTemplate":"https:\/\/signalitup.com\/fr\/?s={search_term_string}"},"query-input":{"@type":"PropertyValueSpecification","valueRequired":true,"valueName":"search_term_string"}}],"inLanguage":"fr-FR"},{"@type":"Organization","@id":"https:\/\/signalitup.com\/fr\/#organization","name":"SignalitUP","url":"https:\/\/signalitup.com\/fr\/","logo":{"@type":"ImageObject","inLanguage":"fr-FR","@id":"https:\/\/signalitup.com\/fr\/#\/schema\/logo\/image\/","url":"https:\/\/signalitup.com\/wp-content\/uploads\/2025\/10\/logo-signal-le.webp","contentUrl":"https:\/\/signalitup.com\/wp-content\/uploads\/2025\/10\/logo-signal-le.webp","width":450,"height":114,"caption":"SignalitUP"},"image":{"@id":"https:\/\/signalitup.com\/fr\/#\/schema\/logo\/image\/"},"sameAs":["https:\/\/x.com\/signalitup","https:\/\/www.instagram.com\/signalitup\/","https:\/\/www.linkedin.com\/company\/signalitup"]}]}},"_links":{"self":[{"href":"https:\/\/signalitup.com\/fr\/wp-json\/wp\/v2\/pages\/422","targetHints":{"allow":["GET"]}}],"collection":[{"href":"https:\/\/signalitup.com\/fr\/wp-json\/wp\/v2\/pages"}],"about":[{"href":"https:\/\/signalitup.com\/fr\/wp-json\/wp\/v2\/types\/page"}],"author":[{"embeddable":true,"href":"https:\/\/signalitup.com\/fr\/wp-json\/wp\/v2\/users\/2"}],"replies":[{"embeddable":true,"href":"https:\/\/signalitup.com\/fr\/wp-json\/wp\/v2\/comments?post=422"}],"version-history":[{"count":0,"href":"https:\/\/signalitup.com\/fr\/wp-json\/wp\/v2\/pages\/422\/revisions"}],"up":[{"embeddable":true,"href":"https:\/\/signalitup.com\/fr\/wp-json\/wp\/v2\/pages\/408"}],"wp:attachment":[{"href":"https:\/\/signalitup.com\/fr\/wp-json\/wp\/v2\/media?parent=422"}],"curies":[{"name":"wp","href":"https:\/\/api.w.org\/{rel}","templated":true}]}}