{"id":411,"date":"2025-01-01T00:00:10","date_gmt":"2025-01-01T00:00:10","guid":{"rendered":"http:\/\/fxb.dhr.mybluehost.me\/website_36d6abfc\/?page_id=411"},"modified":"2025-02-24T20:31:36","modified_gmt":"2025-02-24T20:31:36","slug":"politique-de-confidentialite","status":"publish","type":"page","link":"https:\/\/signalitup.com\/fr\/politique-de-confidentialite\/","title":{"rendered":"Politique de confidentialit\u00e9"},"content":{"rendered":"\n<h4 class=\"wp-block-heading\">Mise \u00e0 jour novembre 2024<\/h4>\n\n\n\n<p>Votie Solutions Inc. et ses affili\u00e9s et filiales (collectivement &#8220;Votie&#8221;, &#8220;nous&#8221;, &#8220;notre&#8221; ou &#8220;nos&#8221;) prennent votre vie priv\u00e9e au s\u00e9rieux. Cette politique de confidentialit\u00e9 d\u00e9crit comment nous collectons, utilisons, divulguons, transf\u00e9rons et traitons vos informations personnelles. Elle vous informe \u00e9galement de vos droits concernant vos informations personnelles et de la mani\u00e8re dont vous pouvez nous contacter pour les mettre \u00e0 jour ou obtenir des r\u00e9ponses aux questions que vous pouvez vous poser sur nos pratiques en mati\u00e8re de protection de la vie priv\u00e9e.<\/p>\n\n\n\n<h2 class=\"wp-block-heading\">1. Champ d&#8217;application<\/h2>\n\n\n\n<p>Cette politique de confidentialit\u00e9 couvre le traitement des informations personnelles li\u00e9es aux produits et services de Votie (&#8220;Services&#8221;), y compris :<\/p>\n\n\n\n<ul class=\"wp-block-list\">\n<li>Sites Web accessibles sur votie.io, govotie.com, votie.cc, votie.ca, votiesolutions.com, votie.ai, fizlink.com et signalitup.com (collectivement d\u00e9nomm\u00e9s &#8221; sites &#8220;).<\/li>\n\n\n\n<li>les services accessibles par l&#8217;interm\u00e9diaire des sites (&#8220;Web Apps&#8221;)<\/li>\n\n\n\n<li>Logiciel t\u00e9l\u00e9chargeable sur votre smartphone ou votre tablette pour acc\u00e9der aux services (&#8220;applications mobiles&#8221;).<\/li>\n\n\n\n<li>Services d&#8217;abonnement accessibles via les applications web et les applications mobiles (&#8221; services d&#8217;abonnement &#8220;).<\/li>\n<\/ul>\n\n\n\n<p>Des tiers peuvent int\u00e9grer les produits et services de Votie dans leurs produits et services, et nous ne sommes pas responsables de cette int\u00e9gration. Des informations suppl\u00e9mentaires sur nos pratiques en mati\u00e8re de confidentialit\u00e9 peuvent \u00eatre fournies dans d&#8217;autres documents, tels que des descriptions d&#8217;offres, des d\u00e9clarations de confidentialit\u00e9 suppl\u00e9mentaires ou des avis fournis avant ou au moment de la collecte des donn\u00e9es.<\/p>\n\n\n\n<h2 class=\"wp-block-heading\">Informations personnelles que nous pouvons recueillir<\/h2>\n\n\n\n<p>Nous obtenons des informations personnelles \u00e0 partir de diverses sources, notamment :<\/p>\n\n\n\n<h3 class=\"wp-block-heading\">a. Informations personnelles que nous recueillons directement aupr\u00e8s de vous<\/h3>\n\n\n\n<ul class=\"wp-block-list\">\n<li><strong>Inscription<\/strong>: Des informations telles que le nom et le pr\u00e9nom, le pays, l&#8217;adresse \u00e9lectronique, le num\u00e9ro de s\u00e9rie du produit, la date d&#8217;achat, le num\u00e9ro de t\u00e9l\u00e9phone, l&#8217;adresse postale et la preuve d&#8217;achat.<\/li>\n\n\n\n<li><strong>Informations que vous partagez ou publiez volontairement<\/strong>: les informations personnelles que vous fournissez sur nos sites ou que vous publiez dans un espace public sur notre site web, tel que les tableaux d&#8217;affichage.<\/li>\n\n\n\n<li><strong>Soutien \u00e0 la client\u00e8le<\/strong>:Informations obtenues par le biais de vos communications avec notre \u00e9quipe d&#8217;assistance \u00e0 la client\u00e8le.<\/li>\n\n\n\n<li><strong>Modalit\u00e9s de paiement<\/strong>: Les informations relatives \u00e0 la carte de cr\u00e9dit et \u00e0 la facturation pour traiter votre commande.<\/li>\n<\/ul>\n\n\n\n<h3 class=\"wp-block-heading\">b. Informations personnelles recueillies lors de vos interactions avec nos produits et services<\/h3>\n\n\n\n<ul class=\"wp-block-list\">\n<li><strong>Cookies et technologies de suivi<\/strong>: Donn\u00e9es et informations connexes, y compris les adresses IP, les identifiants d&#8217;appareils, les identifiants publicitaires et d&#8217;autres informations sur votre appareil, votre syst\u00e8me, vos logiciels d&#8217;application et vos p\u00e9riph\u00e9riques.<\/li>\n\n\n\n<li><strong>Utilisation du produit<\/strong>: Informations relatives \u00e0 l&#8217;utilisation de nos produits et appareils, y compris la vitesse d&#8217;Internet, les informations sur la tension, les informations sur le stockage, les taux d&#8217;erreur et d&#8217;autres informations sur les performances.<\/li>\n<\/ul>\n\n\n\n<h3 class=\"wp-block-heading\">c. Informations personnelles obtenues aupr\u00e8s d&#8217;autres sources<\/h3>\n\n\n\n<ul class=\"wp-block-list\">\n<li><strong>M\u00e9dias sociaux<\/strong>: Informations provenant de vos comptes de m\u00e9dias sociaux, en fonction de vos param\u00e8tres de confidentialit\u00e9.<\/li>\n\n\n\n<li><strong>Stripe<\/strong>: Informations sur le traitement des paiements, nom, adresse, soci\u00e9t\u00e9, num\u00e9ros de t\u00e9l\u00e9phone, adresses \u00e9lectroniques et statut.<\/li>\n<\/ul>\n\n\n\n<h2 class=\"wp-block-heading\">Comment nous pouvons utiliser vos informations personnelles<\/h2>\n\n\n\n<p>Nous pouvons utiliser vos informations personnelles aux fins suivantes :<\/p>\n\n\n\n<ul class=\"wp-block-list\">\n<li>vous fournir le service et communiquer avec vous.<\/li>\n\n\n\n<li>Maintenir, am\u00e9liorer et d\u00e9velopper les produits et les services.<\/li>\n\n\n\n<li>Analyses internes des donn\u00e9es.<\/li>\n\n\n\n<li>Communications marketing sur les produits, les services, les offres, les programmes et les promotions.<\/li>\n\n\n\n<li>Prot\u00e9ger notre entreprise, pr\u00e9venir la fraude et s\u00e9curiser nos produits.<\/li>\n\n\n\n<li>Respect de la l\u00e9gislation et d&#8217;autres normes.<\/li>\n<\/ul>\n\n\n\n<h2 class=\"wp-block-heading\">Comment nous partageons vos informations personnelles<\/h2>\n\n\n\n<p>Nous pouvons partager des informations personnelles :<\/p>\n\n\n\n<ul class=\"wp-block-list\">\n<li>Au sein de la famille d&#8217;entreprises Votie dans le monde entier.<\/li>\n\n\n\n<li>avec les prestataires de services qui fournissent des services en notre nom.<\/li>\n\n\n\n<li>Avec des amis que vous invitez.<\/li>\n\n\n\n<li>Avec tout successeur de tout ou partie de nos activit\u00e9s.<\/li>\n\n\n\n<li>Pour des raisons juridiques.<\/li>\n\n\n\n<li>Avec votre consentement.<\/li>\n<\/ul>\n\n\n\n<h2 class=\"wp-block-heading\">5. Vos droits et vos choix<\/h2>\n\n\n\n<p>Vous avez certains droits concernant les informations personnelles que nous conservons \u00e0 votre sujet et certains choix concernant les informations personnelles que nous recueillons aupr\u00e8s de vous, la mani\u00e8re dont nous les utilisons et la mani\u00e8re dont nous communiquons avec vous. Vous pouvez refuser de recevoir des courriels de marketing, mettre \u00e0 jour ou supprimer votre compte et exercer les droits pr\u00e9vus par la l\u00e9gislation applicable.<\/p>\n\n\n\n<h2 class=\"wp-block-heading\">6. Transferts de donn\u00e9es<\/h2>\n\n\n\n<p>Nous pouvons transf\u00e9rer vos informations personnelles \u00e0 des destinataires situ\u00e9s dans des pays autres que le v\u00f4tre, y compris le Canada, o\u00f9 se trouve notre si\u00e8ge social. Nous prot\u00e9gerons vos informations comme d\u00e9crit dans la pr\u00e9sente politique de confidentialit\u00e9 ou comme indiqu\u00e9 au moment de la collecte des donn\u00e9es.<\/p>\n\n\n\n<h2 class=\"wp-block-heading\">7. Personnes situ\u00e9es au Canada, aux \u00c9tats-Unis et au Qu\u00e9bec<\/h2>\n\n\n\n<p>Si vous \u00eates situ\u00e9 au Canada, aux \u00c9tats-Unis ou au Qu\u00e9bec, nous faisons tout ce qui est en notre pouvoir et \u00e0 notre connaissance pour nous conformer aux lois et r\u00e8glements applicables en mati\u00e8re de protection des donn\u00e9es, y compris la loi sur la protection des renseignements personnels et les documents \u00e9lectroniques (LPRPDE) et la loi qu\u00e9b\u00e9coise sur la protection de la vie priv\u00e9e. Vous disposez d&#8217;un droit d&#8217;acc\u00e8s, de rectification et de suppression de vos donn\u00e9es personnelles, ainsi que d&#8217;un droit de r\u00e9clamation aupr\u00e8s de l&#8217;autorit\u00e9 de contr\u00f4le comp\u00e9tente.<\/p>\n\n\n\n<h2 class=\"wp-block-heading\">8. Responsabilit\u00e9 de l&#8217;utilisateur pour les informations saisies volontairement<\/h2>\n\n\n\n<p>Toute information introduite volontairement dans la plate-forme rel\u00e8ve de la responsabilit\u00e9 de la personne qui l&#8217;introduit, qu&#8217;il s&#8217;agisse de l&#8217;utilisateur final ou d&#8217;un administrateur de la plate-forme. Votie Solutions Inc. n&#8217;est pas responsable des donn\u00e9es qui ont \u00e9t\u00e9 saisies volontairement sur les plates-formes par un utilisateur final ou un administrateur de plate-forme qui n&#8217;est pas un employ\u00e9 de Votie Solutions Inc. En utilisant la plateforme, les utilisateurs reconnaissent qu&#8217;ils assument volontairement la responsabilit\u00e9 des donn\u00e9es saisies. L&#8217;anonymat est un objectif que nous nous effor\u00e7ons d&#8217;atteindre le mieux possible, mais les utilisateurs comprennent que des facteurs ind\u00e9pendants de notre volont\u00e9 peuvent parfois conduire \u00e0 ce que les donn\u00e9es ne soient pas anonymes.<\/p>\n\n\n\n<h2 class=\"wp-block-heading\">9. Vie priv\u00e9e des enfants<\/h2>\n\n\n\n<p>Nos produits et services sont destin\u00e9s aux adultes. Nous n&#8217;autorisons pas sciemment les enfants de moins de 16 ans \u00e0 cr\u00e9er des comptes Votie.<\/p>\n\n\n\n<h2 class=\"wp-block-heading\">10. Comment nous prot\u00e9geons vos informations personnelles<\/h2>\n\n\n\n<p>We maintain administrative, technical, and physical safeguards to protect Personal Information against unauthorized access, use, and disclosure.<\/p>\n\n\n\n<h2 class=\"wp-block-heading\">11. Services de tiers<\/h2>\n\n\n\n<p>The service may contain functions or links to websites and services provided by third parties. We are not responsible for the privacy practices of third-party sites or services.<\/p>\n\n\n\n<h2 class=\"wp-block-heading\">12. Mises \u00e0 jour de la pr\u00e9sente politique<\/h2>\n\n\n\n<p>Nous pouvons mettre \u00e0 jour la pr\u00e9sente politique de confidentialit\u00e9 de temps \u00e0 autre. Si nous apportons des modifications importantes, nous vous en informerons par d&#8217;autres moyens avant que les modifications ne prennent effet.<\/p>\n\n\n\n<h2 class=\"wp-block-heading\">13. Comment nous contacter<\/h2>\n\n\n\n<p>Si vous avez des questions, des commentaires ou des plaintes concernant la pr\u00e9sente politique de confidentialit\u00e9 et nos pratiques en mati\u00e8re de protection de la vie priv\u00e9e, ou si vous souhaitez mettre \u00e0 jour vos pr\u00e9f\u00e9rences en mati\u00e8re de protection de la vie priv\u00e9e, veuillez nous contacter \u00e0 l&#8217;adresse suivante:\u00a0<a href=\"mailto:support@votiesolutions.com\">support@votiesolutions.com<\/a>.<\/p>\n\n\n\n<h2 class=\"wp-block-heading\">14. Charg\u00e9e de mission<\/h2>\n\n\n\n<p>Vitaliano Torchia&nbsp;<a href=\"mailto:vitaliano.torchia@votie.io\">vitaliano.torchia@votie.io<\/a><\/p>\n","protected":false},"excerpt":{"rendered":"<p>Mise \u00e0 jour novembre 2024 Votie Solutions Inc. et ses affili\u00e9s et filiales (collectivement &#8220;Votie&#8221;, &#8220;nous&#8221;, &#8220;notre&#8221; ou &#8220;nos&#8221;) prennent votre vie priv\u00e9e au s\u00e9rieux. &#8230; <a title=\"Politique de confidentialit\u00e9\" class=\"read-more\" href=\"https:\/\/signalitup.com\/fr\/politique-de-confidentialite\/\" aria-label=\"En savoir plus sur Politique de confidentialit\u00e9\">Lire plus<\/a><\/p>\n","protected":false},"author":2,"featured_media":0,"parent":0,"menu_order":0,"comment_status":"closed","ping_status":"closed","template":"","meta":{"nf_dc_page":"","footnotes":""},"class_list":["post-411","page","type-page","status-publish"],"yoast_head":"<!-- This site is optimized with the Yoast SEO plugin v27.3 - https:\/\/yoast.com\/product\/yoast-seo-wordpress\/ -->\n<title>Politique de confidentialit\u00e9 - SignalitUP<\/title>\n<meta name=\"robots\" content=\"index, follow, max-snippet:-1, max-image-preview:large, max-video-preview:-1\" \/>\n<link rel=\"canonical\" href=\"https:\/\/signalitup.com\/fr\/politique-de-confidentialite\/\" \/>\n<meta property=\"og:locale\" content=\"fr_FR\" \/>\n<meta property=\"og:type\" content=\"article\" \/>\n<meta property=\"og:title\" content=\"Politique de confidentialit\u00e9 - SignalitUP\" \/>\n<meta property=\"og:description\" content=\"Mise \u00e0 jour novembre 2024 Votie Solutions Inc. et ses affili\u00e9s et filiales (collectivement &#8220;Votie&#8221;, &#8220;nous&#8221;, &#8220;notre&#8221; ou &#8220;nos&#8221;) prennent votre vie priv\u00e9e au s\u00e9rieux. ... Lire plus\" \/>\n<meta property=\"og:url\" content=\"https:\/\/signalitup.com\/fr\/politique-de-confidentialite\/\" \/>\n<meta property=\"og:site_name\" content=\"SignalitUP\" \/>\n<meta property=\"article:modified_time\" content=\"2025-02-24T20:31:36+00:00\" \/>\n<meta property=\"og:image\" content=\"https:\/\/signalitup.com\/wp-content\/uploads\/2025\/01\/signalitup-manage.webp\" \/>\n\t<meta property=\"og:image:width\" content=\"911\" \/>\n\t<meta property=\"og:image:height\" content=\"711\" \/>\n\t<meta property=\"og:image:type\" content=\"image\/webp\" \/>\n<meta name=\"twitter:card\" content=\"summary_large_image\" \/>\n<meta name=\"twitter:site\" content=\"@signalitup\" \/>\n<meta name=\"twitter:label1\" content=\"Dur\u00e9e de lecture estim\u00e9e\" \/>\n\t<meta name=\"twitter:data1\" content=\"6 minutes\" \/>\n<script type=\"application\/ld+json\" class=\"yoast-schema-graph\">{\"@context\":\"https:\\\/\\\/schema.org\",\"@graph\":[{\"@type\":\"WebPage\",\"@id\":\"https:\\\/\\\/signalitup.com\\\/fr\\\/politique-de-confidentialite\\\/\",\"url\":\"https:\\\/\\\/signalitup.com\\\/fr\\\/politique-de-confidentialite\\\/\",\"name\":\"Politique de confidentialit\u00e9 - SignalitUP\",\"isPartOf\":{\"@id\":\"https:\\\/\\\/signalitup.com\\\/fr\\\/#website\"},\"datePublished\":\"2025-01-01T00:00:10+00:00\",\"dateModified\":\"2025-02-24T20:31:36+00:00\",\"breadcrumb\":{\"@id\":\"https:\\\/\\\/signalitup.com\\\/fr\\\/politique-de-confidentialite\\\/#breadcrumb\"},\"inLanguage\":\"fr-FR\",\"potentialAction\":[{\"@type\":\"ReadAction\",\"target\":[\"https:\\\/\\\/signalitup.com\\\/fr\\\/politique-de-confidentialite\\\/\"]}]},{\"@type\":\"BreadcrumbList\",\"@id\":\"https:\\\/\\\/signalitup.com\\\/fr\\\/politique-de-confidentialite\\\/#breadcrumb\",\"itemListElement\":[{\"@type\":\"ListItem\",\"position\":1,\"name\":\"Home\",\"item\":\"https:\\\/\\\/signalitup.com\\\/fr\\\/\"},{\"@type\":\"ListItem\",\"position\":2,\"name\":\"Politique de confidentialit\u00e9\"}]},{\"@type\":\"WebSite\",\"@id\":\"https:\\\/\\\/signalitup.com\\\/fr\\\/#website\",\"url\":\"https:\\\/\\\/signalitup.com\\\/fr\\\/\",\"name\":\"SignalitUP\",\"description\":\"Safeguard Your Brand, Build Trust, Elevate Culture\",\"publisher\":{\"@id\":\"https:\\\/\\\/signalitup.com\\\/fr\\\/#organization\"},\"potentialAction\":[{\"@type\":\"SearchAction\",\"target\":{\"@type\":\"EntryPoint\",\"urlTemplate\":\"https:\\\/\\\/signalitup.com\\\/fr\\\/?s={search_term_string}\"},\"query-input\":{\"@type\":\"PropertyValueSpecification\",\"valueRequired\":true,\"valueName\":\"search_term_string\"}}],\"inLanguage\":\"fr-FR\"},{\"@type\":\"Organization\",\"@id\":\"https:\\\/\\\/signalitup.com\\\/fr\\\/#organization\",\"name\":\"SignalitUP\",\"url\":\"https:\\\/\\\/signalitup.com\\\/fr\\\/\",\"logo\":{\"@type\":\"ImageObject\",\"inLanguage\":\"fr-FR\",\"@id\":\"https:\\\/\\\/signalitup.com\\\/fr\\\/#\\\/schema\\\/logo\\\/image\\\/\",\"url\":\"https:\\\/\\\/signalitup.com\\\/wp-content\\\/uploads\\\/2025\\\/10\\\/logo-signal-le.webp\",\"contentUrl\":\"https:\\\/\\\/signalitup.com\\\/wp-content\\\/uploads\\\/2025\\\/10\\\/logo-signal-le.webp\",\"width\":450,\"height\":114,\"caption\":\"SignalitUP\"},\"image\":{\"@id\":\"https:\\\/\\\/signalitup.com\\\/fr\\\/#\\\/schema\\\/logo\\\/image\\\/\"},\"sameAs\":[\"https:\\\/\\\/x.com\\\/signalitup\",\"https:\\\/\\\/www.instagram.com\\\/signalitup\\\/\",\"https:\\\/\\\/www.linkedin.com\\\/company\\\/signalitup\"]}]}<\/script>\n<!-- \/ Yoast SEO plugin. -->","yoast_head_json":{"title":"Politique de confidentialit\u00e9 - SignalitUP","robots":{"index":"index","follow":"follow","max-snippet":"max-snippet:-1","max-image-preview":"max-image-preview:large","max-video-preview":"max-video-preview:-1"},"canonical":"https:\/\/signalitup.com\/fr\/politique-de-confidentialite\/","og_locale":"fr_FR","og_type":"article","og_title":"Politique de confidentialit\u00e9 - SignalitUP","og_description":"Mise \u00e0 jour novembre 2024 Votie Solutions Inc. et ses affili\u00e9s et filiales (collectivement &#8220;Votie&#8221;, &#8220;nous&#8221;, &#8220;notre&#8221; ou &#8220;nos&#8221;) prennent votre vie priv\u00e9e au s\u00e9rieux. ... Lire plus","og_url":"https:\/\/signalitup.com\/fr\/politique-de-confidentialite\/","og_site_name":"SignalitUP","article_modified_time":"2025-02-24T20:31:36+00:00","og_image":[{"width":911,"height":711,"url":"https:\/\/signalitup.com\/wp-content\/uploads\/2025\/01\/signalitup-manage.webp","type":"image\/webp"}],"twitter_card":"summary_large_image","twitter_site":"@signalitup","twitter_misc":{"Dur\u00e9e de lecture estim\u00e9e":"6 minutes"},"schema":{"@context":"https:\/\/schema.org","@graph":[{"@type":"WebPage","@id":"https:\/\/signalitup.com\/fr\/politique-de-confidentialite\/","url":"https:\/\/signalitup.com\/fr\/politique-de-confidentialite\/","name":"Politique de confidentialit\u00e9 - SignalitUP","isPartOf":{"@id":"https:\/\/signalitup.com\/fr\/#website"},"datePublished":"2025-01-01T00:00:10+00:00","dateModified":"2025-02-24T20:31:36+00:00","breadcrumb":{"@id":"https:\/\/signalitup.com\/fr\/politique-de-confidentialite\/#breadcrumb"},"inLanguage":"fr-FR","potentialAction":[{"@type":"ReadAction","target":["https:\/\/signalitup.com\/fr\/politique-de-confidentialite\/"]}]},{"@type":"BreadcrumbList","@id":"https:\/\/signalitup.com\/fr\/politique-de-confidentialite\/#breadcrumb","itemListElement":[{"@type":"ListItem","position":1,"name":"Home","item":"https:\/\/signalitup.com\/fr\/"},{"@type":"ListItem","position":2,"name":"Politique de confidentialit\u00e9"}]},{"@type":"WebSite","@id":"https:\/\/signalitup.com\/fr\/#website","url":"https:\/\/signalitup.com\/fr\/","name":"SignalitUP","description":"Safeguard Your Brand, Build Trust, Elevate Culture","publisher":{"@id":"https:\/\/signalitup.com\/fr\/#organization"},"potentialAction":[{"@type":"SearchAction","target":{"@type":"EntryPoint","urlTemplate":"https:\/\/signalitup.com\/fr\/?s={search_term_string}"},"query-input":{"@type":"PropertyValueSpecification","valueRequired":true,"valueName":"search_term_string"}}],"inLanguage":"fr-FR"},{"@type":"Organization","@id":"https:\/\/signalitup.com\/fr\/#organization","name":"SignalitUP","url":"https:\/\/signalitup.com\/fr\/","logo":{"@type":"ImageObject","inLanguage":"fr-FR","@id":"https:\/\/signalitup.com\/fr\/#\/schema\/logo\/image\/","url":"https:\/\/signalitup.com\/wp-content\/uploads\/2025\/10\/logo-signal-le.webp","contentUrl":"https:\/\/signalitup.com\/wp-content\/uploads\/2025\/10\/logo-signal-le.webp","width":450,"height":114,"caption":"SignalitUP"},"image":{"@id":"https:\/\/signalitup.com\/fr\/#\/schema\/logo\/image\/"},"sameAs":["https:\/\/x.com\/signalitup","https:\/\/www.instagram.com\/signalitup\/","https:\/\/www.linkedin.com\/company\/signalitup"]}]}},"_links":{"self":[{"href":"https:\/\/signalitup.com\/fr\/wp-json\/wp\/v2\/pages\/411","targetHints":{"allow":["GET"]}}],"collection":[{"href":"https:\/\/signalitup.com\/fr\/wp-json\/wp\/v2\/pages"}],"about":[{"href":"https:\/\/signalitup.com\/fr\/wp-json\/wp\/v2\/types\/page"}],"author":[{"embeddable":true,"href":"https:\/\/signalitup.com\/fr\/wp-json\/wp\/v2\/users\/2"}],"replies":[{"embeddable":true,"href":"https:\/\/signalitup.com\/fr\/wp-json\/wp\/v2\/comments?post=411"}],"version-history":[{"count":0,"href":"https:\/\/signalitup.com\/fr\/wp-json\/wp\/v2\/pages\/411\/revisions"}],"wp:attachment":[{"href":"https:\/\/signalitup.com\/fr\/wp-json\/wp\/v2\/media?parent=411"}],"curies":[{"name":"wp","href":"https:\/\/api.w.org\/{rel}","templated":true}]}}