{"id":408,"date":"2025-01-01T00:00:42","date_gmt":"2025-01-01T00:00:42","guid":{"rendered":"http:\/\/fxb.dhr.mybluehost.me\/website_36d6abfc\/?page_id=408"},"modified":"2025-11-14T20:43:59","modified_gmt":"2025-11-14T20:43:59","slug":"secteurs","status":"publish","type":"page","link":"https:\/\/signalitup.com\/fr\/secteurs\/","title":{"rendered":"Secteurs"},"content":{"rendered":"<div class=\"gb-container gb-container-efa36cb3\">\n<div class=\"gb-container gb-container-65e4f0cb\">\n\n<p class=\"gb-headline gb-headline-34a3e0ec gb-headline-text text-size-25\">Signal-Le s&#8217;adapte \u00e0 tous les secteurs d&#8217;activit\u00e9 &#8211; entreprises, enseignement, organisations \u00e0 but non lucratif et soins de sant\u00e9 &#8211; et propose des outils pour g\u00e9rer les incidents, prot\u00e9ger votre marque et votre leadership, et favoriser la communication. Quel que soit votre secteur d&#8217;activit\u00e9, Signal-Le garantit un environnement s\u00e9curis\u00e9, transparent et responsable.<\/p>\n\n\n<div class=\"gb-grid-wrapper gb-grid-wrapper-8fd12958\">\n<div class=\"gb-grid-column gb-grid-column-46dbd744\"><div class=\"gb-container gb-container-46dbd744\"><a class=\"gb-container-link\" href=\"https:\/\/signalitup.com\/fr\/secteurs\/societes-et-entreprises\/\"><\/a>\n\n<figure class=\"gb-block-image gb-block-image-1f11e9b2\"><img decoding=\"async\" loading=\"lazy\" width=\"136\" height=\"136\" class=\"gb-image gb-image-1f11e9b2\" src=\"http:\/\/fxb.dhr.mybluehost.me\/website_36d6abfc\/wp-content\/uploads\/2025\/01\/icon-business.webp\" alt=\"\" title=\"icon-business\"\/><\/figure>\n\n\n\n<h4 class=\"gb-headline gb-headline-e19cc470 gb-headline-text text-size-25\">Soci\u00e9t\u00e9s et<br>Entreprises<\/h4>\n\n<\/div><\/div>\n\n<div class=\"gb-grid-column gb-grid-column-c51eacc4\"><div class=\"gb-container gb-container-c51eacc4\"><a class=\"gb-container-link\" href=\"https:\/\/signalitup.com\/fr\/secteurs\/etablissements-denseignement\/\"><\/a>\n\n<figure class=\"gb-block-image gb-block-image-fd00b9d1\"><img decoding=\"async\" loading=\"lazy\" width=\"136\" height=\"136\" class=\"gb-image gb-image-fd00b9d1\" src=\"http:\/\/fxb.dhr.mybluehost.me\/website_36d6abfc\/wp-content\/uploads\/2025\/01\/icon-education.webp\" alt=\"\" title=\"icon-education\"\/><\/figure>\n\n\n\n<h4 class=\"gb-headline gb-headline-0010957d gb-headline-text text-size-25\">\u00c9tablissements d&#8217;enseignement<\/h4>\n\n<\/div><\/div>\n\n<div class=\"gb-grid-column gb-grid-column-999d1e75\"><div class=\"gb-container gb-container-999d1e75\"><a class=\"gb-container-link\" href=\"https:\/\/signalitup.com\/fr\/secteurs\/organisations-a-but-non-lucratif\/\"><\/a>\n\n<figure class=\"gb-block-image gb-block-image-3f76c0e8\"><img decoding=\"async\" loading=\"lazy\" width=\"136\" height=\"136\" class=\"gb-image gb-image-3f76c0e8\" src=\"http:\/\/fxb.dhr.mybluehost.me\/website_36d6abfc\/wp-content\/uploads\/2025\/01\/icon-nonprofit.webp\" alt=\"\" title=\"icon-nonprofit\"\/><\/figure>\n\n\n\n<h4 class=\"gb-headline gb-headline-b307d851 gb-headline-text text-size-25\">Organisations \u00e0 but non lucratif<\/h4>\n\n<\/div><\/div>\n\n<div class=\"gb-grid-column gb-grid-column-2296e7b5\"><div class=\"gb-container gb-container-2296e7b5\"><a class=\"gb-container-link\" href=\"https:\/\/signalitup.com\/fr\/secteurs\/soins-de-sante\/\"><\/a>\n\n<figure class=\"gb-block-image gb-block-image-490b9089\"><img decoding=\"async\" loading=\"lazy\" width=\"136\" height=\"136\" class=\"gb-image gb-image-490b9089\" src=\"http:\/\/fxb.dhr.mybluehost.me\/website_36d6abfc\/wp-content\/uploads\/2025\/01\/icon-healthcare.webp\" alt=\"\" title=\"icon-healthcare\"\/><\/figure>\n\n\n\n<h4 class=\"gb-headline gb-headline-e78bd9b2 gb-headline-text text-size-25\">Secteur soins de sant\u00e9<br><\/h4>\n\n<\/div><\/div>\n\n<div class=\"gb-grid-column gb-grid-column-0394c11a\"><div class=\"gb-container gb-container-0394c11a\"><a class=\"gb-container-link\" href=\"https:\/\/signalitup.com\/fr\/secteurs\/commerce-de-detail-et-hotellerie\/\"><\/a>\n\n<figure class=\"gb-block-image gb-block-image-0d14cea9\"><img decoding=\"async\" loading=\"lazy\" width=\"136\" height=\"136\" class=\"gb-image gb-image-0d14cea9\" src=\"http:\/\/fxb.dhr.mybluehost.me\/website_36d6abfc\/wp-content\/uploads\/2025\/01\/icon-retail.webp\" alt=\"\" title=\"icon-retail\"\/><\/figure>\n\n\n\n<h4 class=\"gb-headline gb-headline-4f972a67 gb-headline-text text-size-25\">Secteurs du commerce de d\u00e9tail et de l&#8217;h\u00f4tellerie<\/h4>\n\n<\/div><\/div>\n\n<div class=\"gb-grid-column gb-grid-column-83f08d5b\"><div class=\"gb-container gb-container-83f08d5b\"><a class=\"gb-container-link\" href=\"https:\/\/signalitup.com\/fr\/secteurs\/institutions-financieres\/\"><\/a>\n\n<figure class=\"gb-block-image gb-block-image-6786976c\"><img decoding=\"async\" loading=\"lazy\" width=\"136\" height=\"136\" class=\"gb-image gb-image-6786976c\" src=\"http:\/\/fxb.dhr.mybluehost.me\/website_36d6abfc\/wp-content\/uploads\/2025\/01\/icon-financial.webp\" alt=\"\" title=\"icon-financial\"\/><\/figure>\n\n\n\n<h4 class=\"gb-headline gb-headline-3a9f0b69 gb-headline-text text-size-25\">Institutions financi\u00e8res<\/h4>\n\n<\/div><\/div>\n\n<div class=\"gb-grid-column gb-grid-column-6bf44ad1\"><div class=\"gb-container gb-container-6bf44ad1\"><a class=\"gb-container-link\" href=\"https:\/\/signalitup.com\/fr\/secteurs\/agences-gouvernementales\/\"><\/a>\n\n<figure class=\"gb-block-image gb-block-image-dd9f8aac\"><img decoding=\"async\" loading=\"lazy\" width=\"136\" height=\"136\" class=\"gb-image gb-image-dd9f8aac\" src=\"http:\/\/fxb.dhr.mybluehost.me\/website_36d6abfc\/wp-content\/uploads\/2025\/01\/icon-government.webp\" alt=\"\" title=\"icon-government\"\/><\/figure>\n\n\n\n<h4 class=\"gb-headline gb-headline-0923995a gb-headline-text text-size-25\">Agences Gouvernementales<br><\/h4>\n\n<\/div><\/div>\n<\/div>\n<\/div>\n<\/div>\n\n<div class=\"gb-container gb-container-c8589db0 hide-logos-slider\">\n<div class=\"gb-container gb-container-76b8e241\">\n\n<h3 class=\"gb-headline gb-headline-eb14ae16 gb-headline-text\">En confiance de la part de<\/h3>\n\n\n\n<figure class=\"gb-block-image gb-block-image-da9fbb98\"><img decoding=\"async\" loading=\"lazy\" width=\"919\" height=\"178\" class=\"gb-image gb-image-da9fbb98\" src=\"http:\/\/fxb.dhr.mybluehost.me\/website_36d6abfc\/wp-content\/uploads\/2025\/01\/temporary-logos.webp\" alt=\"\" title=\"temporary-logos\" srcset=\"https:\/\/signalitup.com\/wp-content\/uploads\/2025\/01\/temporary-logos.webp 919w, https:\/\/signalitup.com\/wp-content\/uploads\/2025\/01\/temporary-logos-300x58.webp 300w, https:\/\/signalitup.com\/wp-content\/uploads\/2025\/01\/temporary-logos-768x149.webp 768w\" sizes=\"auto, (max-width: 919px) 100vw, 919px\" \/><\/figure>\n\n<\/div>\n<\/div>\n\n<div class=\"gb-container gb-container-2390e857\">\n<div class=\"gb-container gb-container-ed866b76\">\n\n<h2 class=\"gb-headline gb-headline-90706bd0 gb-headline-text\">Les gestionnaires et les enqu\u00eateurs du monde entier lui font confiance<\/h2>\n\n\n\n<p class=\"gb-headline gb-headline-a3c08a82 gb-headline-text text-size-25\">Voici quelques commentaires et t\u00e9moignages de clients et partenaires.<\/p>\n\n\n<div class=\"gb-container gb-container-f88ed6eb\">\n\n<div class=\"wp-block-cb-carousel cb-single-slide\" data-slick=\"{&quot;slidesToShow&quot;:1,&quot;slidesToScroll&quot;:1,&quot;speed&quot;:300,&quot;arrows&quot;:true,&quot;dots&quot;:true,&quot;autoplay&quot;:true,&quot;autoplaySpeed&quot;:5000,&quot;infinite&quot;:false,&quot;responsive&quot;:[{&quot;breakpoint&quot;:769,&quot;settings&quot;:{&quot;slidesToShow&quot;:1,&quot;slidesToScroll&quot;:1}}]}\">\n<div class=\"wp-block-cb-slide\"><div class=\"gb-container gb-container-7cf7b542\">\n\n<figure class=\"gb-block-image gb-block-image-823fc506\"><img decoding=\"async\" loading=\"lazy\" width=\"151\" height=\"27\" class=\"gb-image gb-image-823fc506\" src=\"http:\/\/fxb.dhr.mybluehost.me\/website_36d6abfc\/wp-content\/uploads\/2025\/01\/review-stars.webp\" alt=\"\" title=\"review-stars\"\/><\/figure>\n\n\n\n<p class=\"gb-headline gb-headline-d9f2a656 gb-headline-text text-size-22\">L&#8217;application de chat anonyme de SignalitUP a chang\u00e9 la donne en ce qui concerne le traitement des questions sensibles. Elle nous permet d&#8217;engager des conversations constructives et de recueillir des informations cruciales sans que la personne concern\u00e9e n&#8217;ait \u00e0 r\u00e9v\u00e9ler son identit\u00e9. Les \u00e9l\u00e8ves et le personnel se sentent ainsi plus en s\u00e9curit\u00e9 lorsqu&#8217;ils s&#8217;expriment, ce qui permet d&#8217;obtenir des informations plus approfondies et des solutions plus efficaces. La possibilit\u00e9 d&#8217;assurer un suivi tout en pr\u00e9servant l&#8217;anonymat nous a permis d&#8217;aborder les probl\u00e8mes de mani\u00e8re plus approfondie que jamais. Il s&#8217;agit d&#8217;un outil essentiel pour toute organisation soucieuse de s\u00e9curit\u00e9, de transparence et de confiance.<\/p>\n\n\n\n<hr class=\"wp-block-separator has-text-color has-separator-in-dark-green-color has-alpha-channel-opacity has-separator-in-dark-green-background-color has-background is-style-default\"\/>\n\n\n<div class=\"gb-container gb-container-5db1c2f1\">\n\n<figure class=\"gb-block-image gb-block-image-cc1b43cb\"><img decoding=\"async\" loading=\"lazy\" width=\"200\" height=\"200\" class=\"gb-image gb-image-cc1b43cb\" src=\"http:\/\/fxb.dhr.mybluehost.me\/website_36d6abfc\/wp-content\/uploads\/2025\/01\/user-testimonial.webp\" alt=\"\" title=\"user-testimonial\" srcset=\"https:\/\/signalitup.com\/wp-content\/uploads\/2025\/01\/user-testimonial.webp 200w, https:\/\/signalitup.com\/wp-content\/uploads\/2025\/01\/user-testimonial-150x150.webp 150w\" sizes=\"auto, (max-width: 200px) 100vw, 200px\" \/><\/figure>\n\n\n\n<p class=\"gb-headline gb-headline-9797035e gb-headline-text text-size-22\"><strong>John Bennett<br><\/strong>Responsable des op\u00e9rations de marketing<\/p>\n\n<\/div>\n<\/div><\/div>\n\n\n\n<div class=\"wp-block-cb-slide\"><div class=\"gb-container gb-container-ca673913\">\n\n<figure class=\"gb-block-image gb-block-image-4cf3dc03\"><img decoding=\"async\" loading=\"lazy\" width=\"151\" height=\"27\" class=\"gb-image gb-image-4cf3dc03\" src=\"http:\/\/fxb.dhr.mybluehost.me\/website_36d6abfc\/wp-content\/uploads\/2025\/01\/review-stars.webp\" alt=\"\" title=\"review-stars\"\/><\/figure>\n\n\n\n<p class=\"gb-headline gb-headline-55792e29 gb-headline-text text-size-22\">SignalitUP a compl\u00e8tement transform\u00e9 la fa\u00e7on dont je reste connect\u00e9 et inform\u00e9. La plateforme est incroyablement intuitive, ce qui facilite le suivi et l&#8217;analyse des id\u00e9es et des probl\u00e8mes en temps r\u00e9el. SignalitUP fournit les outils et les informations n\u00e9cessaires pour prendre des d\u00e9cisions plus intelligentes. La visibilit\u00e9 sur les incidents m&#8217;a donn\u00e9 un avantage \u00e9norme, et je ne pourrais pas \u00eatre plus impressionn\u00e9 par le service. Je le recommande vivement \u00e0 tous ceux qui recherchent des outils de leadership pour garder une longueur d&#8217;avance !<\/p>\n\n\n\n<hr class=\"wp-block-separator has-text-color has-separator-in-dark-green-color has-alpha-channel-opacity has-separator-in-dark-green-background-color has-background is-style-default\"\/>\n\n\n<div class=\"gb-container gb-container-83dbec9c\">\n\n<figure class=\"gb-block-image gb-block-image-0e4b83ad\"><img decoding=\"async\" loading=\"lazy\" width=\"200\" height=\"200\" class=\"gb-image gb-image-0e4b83ad\" src=\"http:\/\/fxb.dhr.mybluehost.me\/website_36d6abfc\/wp-content\/uploads\/2025\/01\/user-testimonial.webp\" alt=\"\" title=\"user-testimonial\" srcset=\"https:\/\/signalitup.com\/wp-content\/uploads\/2025\/01\/user-testimonial.webp 200w, https:\/\/signalitup.com\/wp-content\/uploads\/2025\/01\/user-testimonial-150x150.webp 150w\" sizes=\"auto, (max-width: 200px) 100vw, 200px\" \/><\/figure>\n\n\n\n<p class=\"gb-headline gb-headline-b1219f50 gb-headline-text text-size-22\"><strong>Nancy Campbell<br><\/strong>administratrice de bureau<\/p>\n\n<\/div>\n<\/div><\/div>\n\n\n\n<div class=\"wp-block-cb-slide\"><div class=\"gb-container gb-container-62fdae6e\">\n\n<figure class=\"gb-block-image gb-block-image-b85964ca\"><img decoding=\"async\" loading=\"lazy\" width=\"151\" height=\"27\" class=\"gb-image gb-image-b85964ca\" src=\"http:\/\/fxb.dhr.mybluehost.me\/website_36d6abfc\/wp-content\/uploads\/2025\/01\/review-stars.webp\" alt=\"\" title=\"review-stars\"\/><\/figure>\n\n\n\n<p class=\"gb-headline gb-headline-84629826 gb-headline-text text-size-22\">SignalitUP a chang\u00e9 la donne pour nos processus de conformit\u00e9 et d&#8217;audit. Les fonctions d&#8217;enregistrement et de suivi de la plateforme garantissent que chaque action est enregistr\u00e9e avec pr\u00e9cision, ce qui nous donne une transparence et une responsabilit\u00e9 totales. En cas d&#8217;audit ou d&#8217;action en justice, nous avons tout ce dont nous avons besoin \u00e0 port\u00e9e de main, de mani\u00e8re claire, organis\u00e9e et facilement accessible. Cela nous permet non seulement de gagner du temps, mais aussi de r\u00e9pondre aux exigences r\u00e9glementaires et de nous prot\u00e9ger \u00e9ventuellement contre des probl\u00e8mes juridiques en toute confiance. Si la conformit\u00e9 et la pr\u00e9paration aux audits sont une priorit\u00e9, SignalitUP est la solution id\u00e9ale !<\/p>\n\n\n\n<hr class=\"wp-block-separator has-text-color has-separator-in-dark-green-color has-alpha-channel-opacity has-separator-in-dark-green-background-color has-background is-style-default\"\/>\n\n\n<div class=\"gb-container gb-container-24d946a3\">\n\n<figure class=\"gb-block-image gb-block-image-db8806e3\"><img decoding=\"async\" loading=\"lazy\" width=\"200\" height=\"200\" class=\"gb-image gb-image-db8806e3\" src=\"http:\/\/fxb.dhr.mybluehost.me\/website_36d6abfc\/wp-content\/uploads\/2025\/01\/user-testimonial.webp\" alt=\"\" title=\"user-testimonial\" srcset=\"https:\/\/signalitup.com\/wp-content\/uploads\/2025\/01\/user-testimonial.webp 200w, https:\/\/signalitup.com\/wp-content\/uploads\/2025\/01\/user-testimonial-150x150.webp 150w\" sizes=\"auto, (max-width: 200px) 100vw, 200px\" \/><\/figure>\n\n\n\n<p class=\"gb-headline gb-headline-2366805f gb-headline-text text-size-22\"><strong>Adriano Ospino<\/strong><br>CFO<\/p>\n\n<\/div>\n<\/div><\/div>\n\n\n\n<div class=\"wp-block-cb-slide\"><div class=\"gb-container gb-container-26cbb2f1\">\n\n<figure class=\"gb-block-image gb-block-image-82db6d53\"><img decoding=\"async\" loading=\"lazy\" width=\"151\" height=\"27\" class=\"gb-image gb-image-82db6d53\" src=\"http:\/\/fxb.dhr.mybluehost.me\/website_36d6abfc\/wp-content\/uploads\/2025\/01\/review-stars.webp\" alt=\"\" title=\"review-stars\"\/><\/figure>\n\n\n\n<p class=\"gb-headline gb-headline-3f22d886 gb-headline-text text-size-22\">SignalitUP a fait une r\u00e9elle diff\u00e9rence dans notre \u00e9cole en offrant aux \u00e9l\u00e8ves un moyen s\u00fbr et anonyme de signaler les brimades. Le syst\u00e8me de code QR facile \u00e0 utiliser signifie que les \u00e9l\u00e8ves n&#8217;ont pas besoin de cr\u00e9er un compte ou de se sentir intimid\u00e9s lorsqu&#8217;ils s&#8217;expriment. Cela a encourag\u00e9 un plus grand nombre d&#8217;\u00e9l\u00e8ves \u00e0 signaler les incidents, ce qui nous aide \u00e0 d\u00e9tecter et \u00e0 traiter les probl\u00e8mes avant qu&#8217;ils ne s&#8217;aggravent. Le suivi et l&#8217;enregistrement en temps r\u00e9el permettent \u00e9galement \u00e0 notre personnel d&#8217;agir rapidement et en connaissance de cause. C&#8217;est un outil inestimable pour cr\u00e9er un environnement scolaire plus s\u00fbr et plus solidaire !<\/p>\n\n\n\n<hr class=\"wp-block-separator has-text-color has-separator-in-dark-green-color has-alpha-channel-opacity has-separator-in-dark-green-background-color has-background is-style-default\"\/>\n\n\n<div class=\"gb-container gb-container-10f08f4b\">\n\n<figure class=\"gb-block-image gb-block-image-8731fb14\"><img decoding=\"async\" loading=\"lazy\" width=\"200\" height=\"200\" class=\"gb-image gb-image-8731fb14\" src=\"http:\/\/fxb.dhr.mybluehost.me\/website_36d6abfc\/wp-content\/uploads\/2025\/01\/user-testimonial.webp\" alt=\"\" title=\"user-testimonial\" srcset=\"https:\/\/signalitup.com\/wp-content\/uploads\/2025\/01\/user-testimonial.webp 200w, https:\/\/signalitup.com\/wp-content\/uploads\/2025\/01\/user-testimonial-150x150.webp 150w\" sizes=\"auto, (max-width: 200px) 100vw, 200px\" \/><\/figure>\n\n\n\n<p class=\"gb-headline gb-headline-f6c992d7 gb-headline-text text-size-22\"><strong>Anoushka Marat<\/strong><br>Directrice Ex\u00e9cutive<\/p>\n\n<\/div>\n<\/div><\/div>\n<\/div>\n\n<\/div>\n<\/div>\n<\/div>","protected":false},"excerpt":{"rendered":"<p>Signal-Le s&#8217;adapte \u00e0 tous les secteurs d&#8217;activit\u00e9 &#8211; entreprises, enseignement, organisations \u00e0 but non lucratif et soins de sant\u00e9 &#8211; et propose des outils pour &#8230; <a title=\"Secteurs\" class=\"read-more\" href=\"https:\/\/signalitup.com\/fr\/secteurs\/\" aria-label=\"En savoir plus sur Secteurs\">Lire plus<\/a><\/p>\n","protected":false},"author":2,"featured_media":0,"parent":0,"menu_order":0,"comment_status":"closed","ping_status":"closed","template":"","meta":{"nf_dc_page":"","footnotes":""},"class_list":["post-408","page","type-page","status-publish"],"yoast_head":"<!-- This site is optimized with the Yoast SEO plugin v27.3 - https:\/\/yoast.com\/product\/yoast-seo-wordpress\/ -->\n<title>Secteurs d&#039;activit\u00e9s | SignalitUP<\/title>\n<meta name=\"description\" content=\"SignalitUP s\u2019adapte \u00e0 tous les secteurs d\u2019activit\u00e9 \u2013 entreprises, enseignement, organisations \u00e0 but non lucratif et soins de sant\u00e9.\" \/>\n<meta name=\"robots\" content=\"index, follow, max-snippet:-1, max-image-preview:large, max-video-preview:-1\" \/>\n<link rel=\"canonical\" href=\"https:\/\/signalitup.com\/fr\/secteurs\/\" \/>\n<meta property=\"og:locale\" content=\"fr_FR\" \/>\n<meta property=\"og:type\" content=\"article\" \/>\n<meta property=\"og:title\" content=\"Secteurs d&#039;activit\u00e9s | SignalitUP\" \/>\n<meta property=\"og:description\" content=\"SignalitUP s\u2019adapte \u00e0 tous les secteurs d\u2019activit\u00e9 \u2013 entreprises, enseignement, organisations \u00e0 but non lucratif et soins de sant\u00e9.\" \/>\n<meta property=\"og:url\" content=\"https:\/\/signalitup.com\/fr\/secteurs\/\" \/>\n<meta property=\"og:site_name\" content=\"SignalitUP\" \/>\n<meta property=\"article:modified_time\" content=\"2025-11-14T20:43:59+00:00\" \/>\n<meta property=\"og:image\" content=\"https:\/\/signalitup.com\/wp-content\/uploads\/2025\/03\/Group-2044.jpg\" \/>\n\t<meta property=\"og:image:width\" content=\"1200\" \/>\n\t<meta property=\"og:image:height\" content=\"630\" \/>\n\t<meta property=\"og:image:type\" content=\"image\/jpeg\" \/>\n<meta name=\"twitter:card\" content=\"summary_large_image\" \/>\n<meta name=\"twitter:site\" content=\"@signalitup\" \/>\n<script type=\"application\/ld+json\" class=\"yoast-schema-graph\">{\"@context\":\"https:\\\/\\\/schema.org\",\"@graph\":[{\"@type\":\"WebPage\",\"@id\":\"https:\\\/\\\/signalitup.com\\\/fr\\\/secteurs\\\/\",\"url\":\"https:\\\/\\\/signalitup.com\\\/fr\\\/secteurs\\\/\",\"name\":\"Secteurs d'activit\u00e9s | SignalitUP\",\"isPartOf\":{\"@id\":\"https:\\\/\\\/signalitup.com\\\/fr\\\/#website\"},\"primaryImageOfPage\":{\"@id\":\"https:\\\/\\\/signalitup.com\\\/fr\\\/secteurs\\\/#primaryimage\"},\"image\":{\"@id\":\"https:\\\/\\\/signalitup.com\\\/fr\\\/secteurs\\\/#primaryimage\"},\"thumbnailUrl\":\"http:\\\/\\\/fxb.dhr.mybluehost.me\\\/website_36d6abfc\\\/wp-content\\\/uploads\\\/2025\\\/01\\\/icon-business.webp\",\"datePublished\":\"2025-01-01T00:00:42+00:00\",\"dateModified\":\"2025-11-14T20:43:59+00:00\",\"description\":\"SignalitUP s\u2019adapte \u00e0 tous les secteurs d\u2019activit\u00e9 \u2013 entreprises, enseignement, organisations \u00e0 but non lucratif et soins de sant\u00e9.\",\"breadcrumb\":{\"@id\":\"https:\\\/\\\/signalitup.com\\\/fr\\\/secteurs\\\/#breadcrumb\"},\"inLanguage\":\"fr-FR\",\"potentialAction\":[{\"@type\":\"ReadAction\",\"target\":[\"https:\\\/\\\/signalitup.com\\\/fr\\\/secteurs\\\/\"]}]},{\"@type\":\"ImageObject\",\"inLanguage\":\"fr-FR\",\"@id\":\"https:\\\/\\\/signalitup.com\\\/fr\\\/secteurs\\\/#primaryimage\",\"url\":\"http:\\\/\\\/fxb.dhr.mybluehost.me\\\/website_36d6abfc\\\/wp-content\\\/uploads\\\/2025\\\/01\\\/icon-business.webp\",\"contentUrl\":\"http:\\\/\\\/fxb.dhr.mybluehost.me\\\/website_36d6abfc\\\/wp-content\\\/uploads\\\/2025\\\/01\\\/icon-business.webp\"},{\"@type\":\"BreadcrumbList\",\"@id\":\"https:\\\/\\\/signalitup.com\\\/fr\\\/secteurs\\\/#breadcrumb\",\"itemListElement\":[{\"@type\":\"ListItem\",\"position\":1,\"name\":\"Home\",\"item\":\"https:\\\/\\\/signalitup.com\\\/fr\\\/\"},{\"@type\":\"ListItem\",\"position\":2,\"name\":\"Secteurs\"}]},{\"@type\":\"WebSite\",\"@id\":\"https:\\\/\\\/signalitup.com\\\/fr\\\/#website\",\"url\":\"https:\\\/\\\/signalitup.com\\\/fr\\\/\",\"name\":\"SignalitUP\",\"description\":\"Safeguard Your Brand, Build Trust, Elevate Culture\",\"publisher\":{\"@id\":\"https:\\\/\\\/signalitup.com\\\/fr\\\/#organization\"},\"potentialAction\":[{\"@type\":\"SearchAction\",\"target\":{\"@type\":\"EntryPoint\",\"urlTemplate\":\"https:\\\/\\\/signalitup.com\\\/fr\\\/?s={search_term_string}\"},\"query-input\":{\"@type\":\"PropertyValueSpecification\",\"valueRequired\":true,\"valueName\":\"search_term_string\"}}],\"inLanguage\":\"fr-FR\"},{\"@type\":\"Organization\",\"@id\":\"https:\\\/\\\/signalitup.com\\\/fr\\\/#organization\",\"name\":\"SignalitUP\",\"url\":\"https:\\\/\\\/signalitup.com\\\/fr\\\/\",\"logo\":{\"@type\":\"ImageObject\",\"inLanguage\":\"fr-FR\",\"@id\":\"https:\\\/\\\/signalitup.com\\\/fr\\\/#\\\/schema\\\/logo\\\/image\\\/\",\"url\":\"https:\\\/\\\/signalitup.com\\\/wp-content\\\/uploads\\\/2025\\\/10\\\/logo-signal-le.webp\",\"contentUrl\":\"https:\\\/\\\/signalitup.com\\\/wp-content\\\/uploads\\\/2025\\\/10\\\/logo-signal-le.webp\",\"width\":450,\"height\":114,\"caption\":\"SignalitUP\"},\"image\":{\"@id\":\"https:\\\/\\\/signalitup.com\\\/fr\\\/#\\\/schema\\\/logo\\\/image\\\/\"},\"sameAs\":[\"https:\\\/\\\/x.com\\\/signalitup\",\"https:\\\/\\\/www.instagram.com\\\/signalitup\\\/\",\"https:\\\/\\\/www.linkedin.com\\\/company\\\/signalitup\"]}]}<\/script>\n<!-- \/ Yoast SEO plugin. -->","yoast_head_json":{"title":"Secteurs d'activit\u00e9s | SignalitUP","description":"SignalitUP s\u2019adapte \u00e0 tous les secteurs d\u2019activit\u00e9 \u2013 entreprises, enseignement, organisations \u00e0 but non lucratif et soins de sant\u00e9.","robots":{"index":"index","follow":"follow","max-snippet":"max-snippet:-1","max-image-preview":"max-image-preview:large","max-video-preview":"max-video-preview:-1"},"canonical":"https:\/\/signalitup.com\/fr\/secteurs\/","og_locale":"fr_FR","og_type":"article","og_title":"Secteurs d'activit\u00e9s | SignalitUP","og_description":"SignalitUP s\u2019adapte \u00e0 tous les secteurs d\u2019activit\u00e9 \u2013 entreprises, enseignement, organisations \u00e0 but non lucratif et soins de sant\u00e9.","og_url":"https:\/\/signalitup.com\/fr\/secteurs\/","og_site_name":"SignalitUP","article_modified_time":"2025-11-14T20:43:59+00:00","og_image":[{"width":1200,"height":630,"url":"https:\/\/signalitup.com\/wp-content\/uploads\/2025\/03\/Group-2044.jpg","type":"image\/jpeg"}],"twitter_card":"summary_large_image","twitter_site":"@signalitup","schema":{"@context":"https:\/\/schema.org","@graph":[{"@type":"WebPage","@id":"https:\/\/signalitup.com\/fr\/secteurs\/","url":"https:\/\/signalitup.com\/fr\/secteurs\/","name":"Secteurs d'activit\u00e9s | SignalitUP","isPartOf":{"@id":"https:\/\/signalitup.com\/fr\/#website"},"primaryImageOfPage":{"@id":"https:\/\/signalitup.com\/fr\/secteurs\/#primaryimage"},"image":{"@id":"https:\/\/signalitup.com\/fr\/secteurs\/#primaryimage"},"thumbnailUrl":"http:\/\/fxb.dhr.mybluehost.me\/website_36d6abfc\/wp-content\/uploads\/2025\/01\/icon-business.webp","datePublished":"2025-01-01T00:00:42+00:00","dateModified":"2025-11-14T20:43:59+00:00","description":"SignalitUP s\u2019adapte \u00e0 tous les secteurs d\u2019activit\u00e9 \u2013 entreprises, enseignement, organisations \u00e0 but non lucratif et soins de sant\u00e9.","breadcrumb":{"@id":"https:\/\/signalitup.com\/fr\/secteurs\/#breadcrumb"},"inLanguage":"fr-FR","potentialAction":[{"@type":"ReadAction","target":["https:\/\/signalitup.com\/fr\/secteurs\/"]}]},{"@type":"ImageObject","inLanguage":"fr-FR","@id":"https:\/\/signalitup.com\/fr\/secteurs\/#primaryimage","url":"http:\/\/fxb.dhr.mybluehost.me\/website_36d6abfc\/wp-content\/uploads\/2025\/01\/icon-business.webp","contentUrl":"http:\/\/fxb.dhr.mybluehost.me\/website_36d6abfc\/wp-content\/uploads\/2025\/01\/icon-business.webp"},{"@type":"BreadcrumbList","@id":"https:\/\/signalitup.com\/fr\/secteurs\/#breadcrumb","itemListElement":[{"@type":"ListItem","position":1,"name":"Home","item":"https:\/\/signalitup.com\/fr\/"},{"@type":"ListItem","position":2,"name":"Secteurs"}]},{"@type":"WebSite","@id":"https:\/\/signalitup.com\/fr\/#website","url":"https:\/\/signalitup.com\/fr\/","name":"SignalitUP","description":"Safeguard Your Brand, Build Trust, Elevate Culture","publisher":{"@id":"https:\/\/signalitup.com\/fr\/#organization"},"potentialAction":[{"@type":"SearchAction","target":{"@type":"EntryPoint","urlTemplate":"https:\/\/signalitup.com\/fr\/?s={search_term_string}"},"query-input":{"@type":"PropertyValueSpecification","valueRequired":true,"valueName":"search_term_string"}}],"inLanguage":"fr-FR"},{"@type":"Organization","@id":"https:\/\/signalitup.com\/fr\/#organization","name":"SignalitUP","url":"https:\/\/signalitup.com\/fr\/","logo":{"@type":"ImageObject","inLanguage":"fr-FR","@id":"https:\/\/signalitup.com\/fr\/#\/schema\/logo\/image\/","url":"https:\/\/signalitup.com\/wp-content\/uploads\/2025\/10\/logo-signal-le.webp","contentUrl":"https:\/\/signalitup.com\/wp-content\/uploads\/2025\/10\/logo-signal-le.webp","width":450,"height":114,"caption":"SignalitUP"},"image":{"@id":"https:\/\/signalitup.com\/fr\/#\/schema\/logo\/image\/"},"sameAs":["https:\/\/x.com\/signalitup","https:\/\/www.instagram.com\/signalitup\/","https:\/\/www.linkedin.com\/company\/signalitup"]}]}},"_links":{"self":[{"href":"https:\/\/signalitup.com\/fr\/wp-json\/wp\/v2\/pages\/408","targetHints":{"allow":["GET"]}}],"collection":[{"href":"https:\/\/signalitup.com\/fr\/wp-json\/wp\/v2\/pages"}],"about":[{"href":"https:\/\/signalitup.com\/fr\/wp-json\/wp\/v2\/types\/page"}],"author":[{"embeddable":true,"href":"https:\/\/signalitup.com\/fr\/wp-json\/wp\/v2\/users\/2"}],"replies":[{"embeddable":true,"href":"https:\/\/signalitup.com\/fr\/wp-json\/wp\/v2\/comments?post=408"}],"version-history":[{"count":0,"href":"https:\/\/signalitup.com\/fr\/wp-json\/wp\/v2\/pages\/408\/revisions"}],"wp:attachment":[{"href":"https:\/\/signalitup.com\/fr\/wp-json\/wp\/v2\/media?parent=408"}],"curies":[{"name":"wp","href":"https:\/\/api.w.org\/{rel}","templated":true}]}}