{"id":400,"date":"2025-01-01T00:00:45","date_gmt":"2025-01-01T00:00:45","guid":{"rendered":"http:\/\/fxb.dhr.mybluehost.me\/website_36d6abfc\/?page_id=400"},"modified":"2025-04-06T23:57:16","modified_gmt":"2025-04-06T23:57:16","slug":"contact","status":"publish","type":"page","link":"https:\/\/signalitup.com\/fr\/contact\/","title":{"rendered":"Contact"},"content":{"rendered":"<div class=\"gb-container gb-container-8fdb23e6\">\n<div class=\"gb-container gb-container-070bc116\">\n\n<h1 class=\"gb-headline gb-headline-1a8431fe gb-headline-text\">Contact<\/h1>\n\n\n\n<p class=\"gb-headline gb-headline-db1b568d gb-headline-text page-subtitle-text\">Vous avez des questions ou besoin d&#8217;aide ? Contactez-nous, nous sommes l\u00e0 pour vous aider !<\/p>\n\n\n\n<div style=\"height:50px\" aria-hidden=\"true\" class=\"wp-block-spacer\"><\/div>\n\n\n<div class=\"gb-grid-wrapper gb-grid-wrapper-718f6d7b\">\n<div class=\"gb-grid-column gb-grid-column-33f3b13e\"><div class=\"gb-container gb-container-33f3b13e\">\n\n<h3 class=\"gb-headline gb-headline-17b2d086 gb-headline-text\">Nous joindre<\/h3>\n\n\n\n<p class=\"gb-headline gb-headline-d089a1cb gb-headline-text page-subtitle-text\">Vous avez des questions ou besoin d&#8217;aide ? Contactez-nous, nous sommes l\u00e0 pour vous aider !<\/p>\n\n\n\n<span class=\"gb-button gb-button-38b9d792\"><span class=\"gb-icon\"><svg xmlns=\"http:\/\/www.w3.org\/2000\/svg\" fill=\"none\" viewBox=\"0 0 43 43\" height=\"43\" width=\"43\"> <path fill=\"#00BF63\" d=\"M34.2469 4.0514H8.75267C4.62398 4.0514 1.26465 7.41078 1.26465 11.5394V31.4639C1.26465 35.5926 4.62402 38.9519 8.75267 38.9519H34.2487C38.3773 38.9519 41.7367 35.5925 41.7367 31.4639L41.735 11.5377C41.735 7.40901 38.3756 4.04968 34.247 4.04968L34.2469 4.0514ZM39.2053 31.4622C39.2053 34.1967 36.9814 36.4205 34.2469 36.4205H8.75267C6.01813 36.4205 3.79434 34.1966 3.79434 31.4622V11.5377C3.79434 8.80316 6.01826 6.57937 8.75267 6.57937H34.2487C36.9832 6.57937 39.207 8.80329 39.207 11.5377V31.4622H39.2053Z\"><\/path> <path fill=\"#00BF63\" d=\"M31.9308 15.4077L22.3633 24.9821C21.9081 25.4575 21.0885 25.4575 20.6349 24.9821L11.0674 15.4077C10.5736 14.9139 9.77242 14.9139 9.27856 15.4077C8.78475 15.9016 8.78475 16.7028 9.27856 17.1966L18.8461 26.771C19.5549 27.4798 20.4972 27.8712 21.5 27.8712C22.5028 27.8712 23.445 27.4798 24.1539 26.771L33.7214 17.1966C34.867 15.9923 33.147 14.2555 31.9325 15.4095L31.9308 15.4077Z\"><\/path> <\/svg><\/span><span class=\"gb-button-text\">info@signalitup.com<\/span><\/span>\n\n\n\n<span class=\"gb-button gb-button-85fa96cc\"><span class=\"gb-icon\"><svg xmlns=\"http:\/\/www.w3.org\/2000\/svg\" fill=\"none\" viewBox=\"0 0 51 51\" height=\"51\" width=\"51\"> <path fill=\"#00BF63\" d=\"M32.7432 3.76721H18.2561C14.9292 3.76721 12.2197 6.47659 12.2197 9.80357V41.1966C12.2197 44.5236 14.9291 47.233 18.2561 47.233H32.7452C36.0721 47.233 38.7815 44.5236 38.7815 41.1966V9.80561C38.7815 6.4747 36.0722 3.76721 32.7432 3.76721ZM36.367 41.1946C36.367 43.1928 34.7413 44.8184 32.7432 44.8184H18.2561C16.2579 44.8184 14.6323 43.1928 14.6323 41.1946V9.80561C14.6323 7.80743 16.2579 6.18181 18.2561 6.18181H32.7452C34.7434 6.18181 36.369 7.80743 36.369 9.80561L36.367 41.1946Z\"><\/path> <path fill=\"#00BF63\" d=\"M27.914 41.1942C27.914 44.4136 23.085 44.4136 23.085 41.1942C23.085 37.9768 27.914 37.9768 27.914 41.1942Z\"><\/path> <path fill=\"#00BF63\" d=\"M27.9143 7.38885H23.0832C22.4159 7.38885 21.876 7.92874 21.876 8.59613C21.876 9.26351 22.4159 9.8034 23.0832 9.8034H27.9143C28.5817 9.8034 29.1216 9.26351 29.1216 8.59613C29.1216 7.92874 28.5817 7.38885 27.9143 7.38885Z\"><\/path> <\/svg><\/span><span class=\"gb-button-text\">Bient\u00f4t disponible<\/span><\/span>\n\n<\/div><\/div>\n\n<div class=\"gb-grid-column gb-grid-column-baa0e98d\"><div class=\"gb-container gb-container-baa0e98d\">\n<div class=\"gb-container gb-container-a9904445\">\n\n<div class=\"wpcf7 no-js\" id=\"wpcf7-f417-o1\" lang=\"en-US\" dir=\"ltr\" data-wpcf7-id=\"417\">\n<div class=\"screen-reader-response\"><p role=\"status\" aria-live=\"polite\" aria-atomic=\"true\"><\/p> <ul><\/ul><\/div>\n<form action=\"\/fr\/wp-json\/wp\/v2\/pages\/400#wpcf7-f417-o1\" method=\"post\" class=\"wpcf7-form init\" aria-label=\"Contact form\" novalidate=\"novalidate\" data-status=\"init\">\n<fieldset class=\"hidden-fields-container\"><input type=\"hidden\" name=\"_wpcf7\" value=\"417\" \/><input type=\"hidden\" name=\"_wpcf7_version\" value=\"6.1.5\" \/><input type=\"hidden\" name=\"_wpcf7_locale\" value=\"en_US\" \/><input type=\"hidden\" name=\"_wpcf7_unit_tag\" value=\"wpcf7-f417-o1\" \/><input type=\"hidden\" name=\"_wpcf7_container_post\" value=\"0\" \/><input type=\"hidden\" name=\"_wpcf7_posted_data_hash\" value=\"\" \/><input type=\"hidden\" name=\"_wpcf7_recaptcha_response\" value=\"\" \/>\n<\/fieldset>\n<div class=\"contact-form\">\n\t<div class=\"grid-50\">\n\t\t<p><label for=\"cf7-fn\"><strong>Pr\u00e9nom<\/strong><\/label><span class=\"wpcf7-form-control-wrap\" data-name=\"client-first-name\"><input size=\"40\" maxlength=\"400\" class=\"wpcf7-form-control wpcf7-text wpcf7-validates-as-required\" id=\"cf7-fn\" aria-required=\"true\" aria-invalid=\"false\" value=\"\" type=\"text\" name=\"client-first-name\" \/><\/span>\n\t\t<\/p>\n\t<\/div>\n\t<div class=\"grid-50\">\n\t\t<p><label for=\"cf7-ln\"><strong>Nom<\/strong><\/label><span class=\"wpcf7-form-control-wrap\" data-name=\"client-last-name\"><input size=\"40\" maxlength=\"400\" class=\"wpcf7-form-control wpcf7-text wpcf7-validates-as-required\" id=\"cf7-ln\" aria-required=\"true\" aria-invalid=\"false\" value=\"\" type=\"text\" name=\"client-last-name\" \/><\/span>\n\t\t<\/p>\n\t<\/div>\n\t<div class=\"grid-50\">\n\t\t<p><label for=\"cf7-em\"><strong>Courriel<\/strong><\/label><span class=\"wpcf7-form-control-wrap\" data-name=\"client-email\"><input size=\"40\" maxlength=\"400\" class=\"wpcf7-form-control wpcf7-email wpcf7-validates-as-required wpcf7-text wpcf7-validates-as-email\" id=\"cf7-em\" aria-required=\"true\" aria-invalid=\"false\" value=\"\" type=\"email\" name=\"client-email\" \/><\/span>\n\t\t<\/p>\n\t<\/div>\n\t<div class=\"grid-50\">\n\t\t<p><label for=\"cf7-tl\"><strong>T\u00e9l\u00e9phone<\/strong><\/label><span class=\"wpcf7-form-control-wrap\" data-name=\"client-telephone\"><input size=\"40\" maxlength=\"400\" class=\"wpcf7-form-control wpcf7-tel wpcf7-validates-as-required wpcf7-text wpcf7-validates-as-tel\" id=\"cf7-tl\" aria-required=\"true\" aria-invalid=\"false\" value=\"\" type=\"tel\" name=\"client-telephone\" \/><\/span>\n\t\t<\/p>\n\t<\/div>\n\t<div class=\"grid-50\">\n\t\t<p><label for=\"cf7-or\">Organisation<\/label><span class=\"wpcf7-form-control-wrap\" data-name=\"client-organization\"><input size=\"40\" maxlength=\"400\" class=\"wpcf7-form-control wpcf7-text wpcf7-validates-as-required\" id=\"cf7-or\" aria-required=\"true\" aria-invalid=\"false\" value=\"\" type=\"text\" name=\"client-organization\" \/><\/span>\n\t\t<\/p>\n\t<\/div>\n\t<div class=\"grid-50\">\n\t\t<p><label for=\"cf7-cs\">Taille de l'entreprise<\/label><span class=\"wpcf7-form-control-wrap\" data-name=\"client-companysize\"><select class=\"wpcf7-form-control wpcf7-select\" id=\"cf7-cs\" aria-invalid=\"false\" name=\"client-companysize\"><option value=\"0-50\">0-50<\/option><option value=\"50-250\">50-250<\/option><option value=\"250-500\">250-500<\/option><option value=\"500-1000\">500-1000<\/option><option value=\"1000+\">1000+<\/option><\/select><\/span>\n\t\t<\/p>\n\t<\/div>\n\t<div class=\"grid-50\">\n\t\t<p><label for=\"cf7-co\">Pays<\/label><span class=\"wpcf7-form-control-wrap\" data-name=\"client-country\"><input size=\"40\" maxlength=\"400\" class=\"wpcf7-form-control wpcf7-text wpcf7-validates-as-required\" id=\"cf7-co\" aria-required=\"true\" aria-invalid=\"false\" value=\"\" type=\"text\" name=\"client-country\" \/><\/span>\n\t\t<\/p>\n\t<\/div>\n\t<div class=\"grid-50\">\n\t\t<p><label for=\"cf7-he\">Comment avez-vous entendu parler de nous ?<\/label><span class=\"wpcf7-form-control-wrap\" data-name=\"client-hearaboutus\"><select class=\"wpcf7-form-control wpcf7-select\" id=\"cf7-he\" aria-invalid=\"false\" name=\"client-hearaboutus\"><option value=\"Recherche\">Recherche<\/option><option value=\"Publicit\u00e9\">Publicit\u00e9<\/option><option value=\"Le bouche \u00e0 oreille\">Le bouche \u00e0 oreille<\/option><option value=\"Proposition d&#039;un client\">Proposition d&#039;un client<\/option><option value=\"Autre\">Autre<\/option><\/select><\/span>\n\t\t<\/p>\n\t<\/div>\n\t<div class=\"grid-100\">\n\t\t<p><label for=\"cf7-me\"><strong>Message<\/strong><\/label><span class=\"wpcf7-form-control-wrap\" data-name=\"client-message\"><textarea cols=\"40\" rows=\"3\" maxlength=\"2000\" class=\"wpcf7-form-control wpcf7-textarea\" id=\"cf7-me\" aria-invalid=\"false\" name=\"client-message\"><\/textarea><\/span>\n\t\t<\/p>\n\t<\/div>\n\t<div class=\"grid-100\">\n\t\t<p><input class=\"wpcf7-form-control wpcf7-submit has-spinner button\" type=\"submit\" value=\"ENVOYER\" \/>\n\t\t<\/p>\n\t<\/div>\n<\/div><div class=\"wpcf7-response-output\" aria-hidden=\"true\"><\/div>\n<\/form>\n<\/div>\n\n\n<\/div>\n<\/div><\/div>\n<\/div>\n<\/div>\n<\/div>\n\n<div class=\"gb-container gb-container-c8589db0 hide-logos-slider\">\n<div class=\"gb-container gb-container-76b8e241\">\n\n<h3 class=\"gb-headline gb-headline-eb14ae16 gb-headline-text\">En confiance de la part de<\/h3>\n\n\n\n<figure class=\"gb-block-image gb-block-image-da9fbb98\"><img decoding=\"async\" loading=\"lazy\" width=\"919\" height=\"178\" class=\"gb-image gb-image-da9fbb98\" src=\"http:\/\/fxb.dhr.mybluehost.me\/website_36d6abfc\/wp-content\/uploads\/2025\/01\/temporary-logos.webp\" alt=\"\" title=\"temporary-logos\" srcset=\"https:\/\/signalitup.com\/wp-content\/uploads\/2025\/01\/temporary-logos.webp 919w, https:\/\/signalitup.com\/wp-content\/uploads\/2025\/01\/temporary-logos-300x58.webp 300w, https:\/\/signalitup.com\/wp-content\/uploads\/2025\/01\/temporary-logos-768x149.webp 768w\" sizes=\"auto, (max-width: 919px) 100vw, 919px\" \/><\/figure>\n\n<\/div>\n<\/div>\n\n<div class=\"gb-container gb-container-f9fa0135\">\n<div class=\"gb-container gb-container-6f3bcdf9\">\n<div class=\"gb-grid-wrapper gb-grid-wrapper-07fa8972\">\n<div class=\"gb-grid-column gb-grid-column-b2e7b4c0\"><div class=\"gb-container gb-container-b2e7b4c0\">\n\n<h3 class=\"gb-headline gb-headline-348aaaa0 gb-headline-text text-size-25\">Essai gratuit<\/h3>\n\n\n\n<p class=\"gb-headline gb-headline-6f3f70e5 gb-headline-text text-size-22\">D\u00e9couvrez tous les avantages de nos services gr\u00e2ce \u00e0 un essai gratuit et sans risque. Commencez d\u00e8s aujourd&#8217;hui et explorez toutes les fonctionnalit\u00e9s sans aucun engagement &#8211; voyez comment cela fonctionne pour vous !<\/p>\n\n\n\n<a class=\"gb-button gb-button-5d49fc9e gb-button-text\" href=\"https:\/\/app.signalitup.com\/signup\" target=\"_blank\" rel=\"noopener noreferrer\">Essai gratuit<\/a>\n\n<\/div><\/div>\n\n<div class=\"gb-grid-column gb-grid-column-7366ed0c\"><div class=\"gb-container gb-container-7366ed0c\">\n\n<h3 class=\"gb-headline gb-headline-01256a36 gb-headline-text text-size-25\">R\u00e9server une d\u00e9monstration<\/h3>\n\n\n\n<p class=\"gb-headline gb-headline-ecb0986c gb-headline-text text-size-22\">Planifiez une d\u00e9monstration personnalis\u00e9e et d\u00e9couvrez comment notre solution peut vous aider \u00e0 atteindre vos objectifs. Notre \u00e9quipe vous guidera \u00e0 travers toutes les fonctionnalit\u00e9s et r\u00e9pondra \u00e0 toutes vos questions, afin que vous tiriez le meilleur parti de votre exp\u00e9rience !<\/p>\n\n\n\n<a class=\"gb-button gb-button-4d67c2da gb-button-text\" href=\"https:\/\/app.signalitup.com\/tag\/67d855b609ac441ee83e756e\" target=\"_blank\" rel=\"noopener noreferrer\">R\u00e9server une d\u00e9mo<\/a>\n\n<\/div><\/div>\n\n<div class=\"gb-grid-column gb-grid-column-e897801e\"><div class=\"gb-container gb-container-e897801e\">\n\n<h3 class=\"gb-headline gb-headline-e5881bdb gb-headline-text text-size-25\">Envoyer \u00e0 votre<br>organisation<\/h3>\n\n\n\n<p class=\"gb-headline gb-headline-76874531 gb-headline-text text-size-22\">Si votre organisation ne dispose pas encore de la plateforme, pas de probl\u00e8me &#8211; cliquez ci-dessous pour envoyer une alerte directement dans la bo\u00eete de r\u00e9ception de la personne concern\u00e9e et l&#8217;aider \u00e0 d\u00e9marrer.<\/p>\n\n\n\n<a class=\"gb-button gb-button-e812f048 gb-button-text\" href=\"https:\/\/app.signalitup.com\/tag\/66f4ab16a9395bb592ab9e15\" target=\"_blank\" rel=\"nofollow noopener noreferrer\">Envoyer un signal<\/a>\n\n<\/div><\/div>\n<\/div>\n<\/div>\n<\/div>\n\n\n<p class=\"\"><\/p>\n","protected":false},"excerpt":{"rendered":"<p>Contact Vous avez des questions ou besoin d&#8217;aide ? Contactez-nous, nous sommes l\u00e0 pour vous aider !<\/p>\n","protected":false},"author":2,"featured_media":0,"parent":0,"menu_order":0,"comment_status":"closed","ping_status":"closed","template":"","meta":{"nf_dc_page":"","footnotes":""},"class_list":["post-400","page","type-page","status-publish"],"yoast_head":"<!-- This site is optimized with the Yoast SEO plugin v27.3 - https:\/\/yoast.com\/product\/yoast-seo-wordpress\/ -->\n<title>Contact | SignalitUP - Nous Joindre<\/title>\n<meta name=\"description\" content=\"SignalitUP - Vous avez des questions ou besoin d\u2019aide ? Contactez-nous, nous sommes l\u00e0 pour vous aider! Contactez-nous.\" \/>\n<meta name=\"robots\" content=\"index, follow, max-snippet:-1, max-image-preview:large, max-video-preview:-1\" \/>\n<link rel=\"canonical\" href=\"https:\/\/signalitup.com\/fr\/contact\/\" \/>\n<meta property=\"og:locale\" content=\"fr_FR\" \/>\n<meta property=\"og:type\" content=\"article\" \/>\n<meta property=\"og:title\" content=\"Contact | SignalitUP - Nous Joindre\" \/>\n<meta property=\"og:description\" content=\"SignalitUP - Vous avez des questions ou besoin d\u2019aide ? Contactez-nous, nous sommes l\u00e0 pour vous aider! Contactez-nous.\" \/>\n<meta property=\"og:url\" content=\"https:\/\/signalitup.com\/fr\/contact\/\" \/>\n<meta property=\"og:site_name\" content=\"SignalitUP\" \/>\n<meta property=\"article:modified_time\" content=\"2025-04-06T23:57:16+00:00\" \/>\n<meta property=\"og:image\" content=\"https:\/\/signalitup.com\/wp-content\/uploads\/2025\/03\/Group-2044.jpg\" \/>\n\t<meta property=\"og:image:width\" content=\"1200\" \/>\n\t<meta property=\"og:image:height\" content=\"630\" \/>\n\t<meta property=\"og:image:type\" content=\"image\/jpeg\" \/>\n<meta name=\"twitter:card\" content=\"summary_large_image\" \/>\n<meta name=\"twitter:site\" content=\"@signalitup\" \/>\n<meta name=\"twitter:label1\" content=\"Dur\u00e9e de lecture estim\u00e9e\" \/>\n\t<meta name=\"twitter:data1\" content=\"1 minute\" \/>\n<script type=\"application\/ld+json\" class=\"yoast-schema-graph\">{\"@context\":\"https:\\\/\\\/schema.org\",\"@graph\":[{\"@type\":\"WebPage\",\"@id\":\"https:\\\/\\\/signalitup.com\\\/fr\\\/contact\\\/\",\"url\":\"https:\\\/\\\/signalitup.com\\\/fr\\\/contact\\\/\",\"name\":\"Contact | SignalitUP - Nous Joindre\",\"isPartOf\":{\"@id\":\"https:\\\/\\\/signalitup.com\\\/fr\\\/#website\"},\"datePublished\":\"2025-01-01T00:00:45+00:00\",\"dateModified\":\"2025-04-06T23:57:16+00:00\",\"description\":\"SignalitUP - Vous avez des questions ou besoin d\u2019aide ? Contactez-nous, nous sommes l\u00e0 pour vous aider! Contactez-nous.\",\"breadcrumb\":{\"@id\":\"https:\\\/\\\/signalitup.com\\\/fr\\\/contact\\\/#breadcrumb\"},\"inLanguage\":\"fr-FR\",\"potentialAction\":[{\"@type\":\"ReadAction\",\"target\":[\"https:\\\/\\\/signalitup.com\\\/fr\\\/contact\\\/\"]}]},{\"@type\":\"BreadcrumbList\",\"@id\":\"https:\\\/\\\/signalitup.com\\\/fr\\\/contact\\\/#breadcrumb\",\"itemListElement\":[{\"@type\":\"ListItem\",\"position\":1,\"name\":\"Home\",\"item\":\"https:\\\/\\\/signalitup.com\\\/fr\\\/\"},{\"@type\":\"ListItem\",\"position\":2,\"name\":\"Contact\"}]},{\"@type\":\"WebSite\",\"@id\":\"https:\\\/\\\/signalitup.com\\\/fr\\\/#website\",\"url\":\"https:\\\/\\\/signalitup.com\\\/fr\\\/\",\"name\":\"SignalitUP\",\"description\":\"Safeguard Your Brand, Build Trust, Elevate Culture\",\"publisher\":{\"@id\":\"https:\\\/\\\/signalitup.com\\\/fr\\\/#organization\"},\"potentialAction\":[{\"@type\":\"SearchAction\",\"target\":{\"@type\":\"EntryPoint\",\"urlTemplate\":\"https:\\\/\\\/signalitup.com\\\/fr\\\/?s={search_term_string}\"},\"query-input\":{\"@type\":\"PropertyValueSpecification\",\"valueRequired\":true,\"valueName\":\"search_term_string\"}}],\"inLanguage\":\"fr-FR\"},{\"@type\":\"Organization\",\"@id\":\"https:\\\/\\\/signalitup.com\\\/fr\\\/#organization\",\"name\":\"SignalitUP\",\"url\":\"https:\\\/\\\/signalitup.com\\\/fr\\\/\",\"logo\":{\"@type\":\"ImageObject\",\"inLanguage\":\"fr-FR\",\"@id\":\"https:\\\/\\\/signalitup.com\\\/fr\\\/#\\\/schema\\\/logo\\\/image\\\/\",\"url\":\"https:\\\/\\\/signalitup.com\\\/wp-content\\\/uploads\\\/2025\\\/10\\\/logo-signal-le.webp\",\"contentUrl\":\"https:\\\/\\\/signalitup.com\\\/wp-content\\\/uploads\\\/2025\\\/10\\\/logo-signal-le.webp\",\"width\":450,\"height\":114,\"caption\":\"SignalitUP\"},\"image\":{\"@id\":\"https:\\\/\\\/signalitup.com\\\/fr\\\/#\\\/schema\\\/logo\\\/image\\\/\"},\"sameAs\":[\"https:\\\/\\\/x.com\\\/signalitup\",\"https:\\\/\\\/www.instagram.com\\\/signalitup\\\/\",\"https:\\\/\\\/www.linkedin.com\\\/company\\\/signalitup\"]}]}<\/script>\n<!-- \/ Yoast SEO plugin. -->","yoast_head_json":{"title":"Contact | SignalitUP - Nous Joindre","description":"SignalitUP - Vous avez des questions ou besoin d\u2019aide ? Contactez-nous, nous sommes l\u00e0 pour vous aider! Contactez-nous.","robots":{"index":"index","follow":"follow","max-snippet":"max-snippet:-1","max-image-preview":"max-image-preview:large","max-video-preview":"max-video-preview:-1"},"canonical":"https:\/\/signalitup.com\/fr\/contact\/","og_locale":"fr_FR","og_type":"article","og_title":"Contact | SignalitUP - Nous Joindre","og_description":"SignalitUP - Vous avez des questions ou besoin d\u2019aide ? Contactez-nous, nous sommes l\u00e0 pour vous aider! Contactez-nous.","og_url":"https:\/\/signalitup.com\/fr\/contact\/","og_site_name":"SignalitUP","article_modified_time":"2025-04-06T23:57:16+00:00","og_image":[{"width":1200,"height":630,"url":"https:\/\/signalitup.com\/wp-content\/uploads\/2025\/03\/Group-2044.jpg","type":"image\/jpeg"}],"twitter_card":"summary_large_image","twitter_site":"@signalitup","twitter_misc":{"Dur\u00e9e de lecture estim\u00e9e":"1 minute"},"schema":{"@context":"https:\/\/schema.org","@graph":[{"@type":"WebPage","@id":"https:\/\/signalitup.com\/fr\/contact\/","url":"https:\/\/signalitup.com\/fr\/contact\/","name":"Contact | SignalitUP - Nous Joindre","isPartOf":{"@id":"https:\/\/signalitup.com\/fr\/#website"},"datePublished":"2025-01-01T00:00:45+00:00","dateModified":"2025-04-06T23:57:16+00:00","description":"SignalitUP - Vous avez des questions ou besoin d\u2019aide ? Contactez-nous, nous sommes l\u00e0 pour vous aider! Contactez-nous.","breadcrumb":{"@id":"https:\/\/signalitup.com\/fr\/contact\/#breadcrumb"},"inLanguage":"fr-FR","potentialAction":[{"@type":"ReadAction","target":["https:\/\/signalitup.com\/fr\/contact\/"]}]},{"@type":"BreadcrumbList","@id":"https:\/\/signalitup.com\/fr\/contact\/#breadcrumb","itemListElement":[{"@type":"ListItem","position":1,"name":"Home","item":"https:\/\/signalitup.com\/fr\/"},{"@type":"ListItem","position":2,"name":"Contact"}]},{"@type":"WebSite","@id":"https:\/\/signalitup.com\/fr\/#website","url":"https:\/\/signalitup.com\/fr\/","name":"SignalitUP","description":"Safeguard Your Brand, Build Trust, Elevate Culture","publisher":{"@id":"https:\/\/signalitup.com\/fr\/#organization"},"potentialAction":[{"@type":"SearchAction","target":{"@type":"EntryPoint","urlTemplate":"https:\/\/signalitup.com\/fr\/?s={search_term_string}"},"query-input":{"@type":"PropertyValueSpecification","valueRequired":true,"valueName":"search_term_string"}}],"inLanguage":"fr-FR"},{"@type":"Organization","@id":"https:\/\/signalitup.com\/fr\/#organization","name":"SignalitUP","url":"https:\/\/signalitup.com\/fr\/","logo":{"@type":"ImageObject","inLanguage":"fr-FR","@id":"https:\/\/signalitup.com\/fr\/#\/schema\/logo\/image\/","url":"https:\/\/signalitup.com\/wp-content\/uploads\/2025\/10\/logo-signal-le.webp","contentUrl":"https:\/\/signalitup.com\/wp-content\/uploads\/2025\/10\/logo-signal-le.webp","width":450,"height":114,"caption":"SignalitUP"},"image":{"@id":"https:\/\/signalitup.com\/fr\/#\/schema\/logo\/image\/"},"sameAs":["https:\/\/x.com\/signalitup","https:\/\/www.instagram.com\/signalitup\/","https:\/\/www.linkedin.com\/company\/signalitup"]}]}},"_links":{"self":[{"href":"https:\/\/signalitup.com\/fr\/wp-json\/wp\/v2\/pages\/400","targetHints":{"allow":["GET"]}}],"collection":[{"href":"https:\/\/signalitup.com\/fr\/wp-json\/wp\/v2\/pages"}],"about":[{"href":"https:\/\/signalitup.com\/fr\/wp-json\/wp\/v2\/types\/page"}],"author":[{"embeddable":true,"href":"https:\/\/signalitup.com\/fr\/wp-json\/wp\/v2\/users\/2"}],"replies":[{"embeddable":true,"href":"https:\/\/signalitup.com\/fr\/wp-json\/wp\/v2\/comments?post=400"}],"version-history":[{"count":0,"href":"https:\/\/signalitup.com\/fr\/wp-json\/wp\/v2\/pages\/400\/revisions"}],"wp:attachment":[{"href":"https:\/\/signalitup.com\/fr\/wp-json\/wp\/v2\/media?parent=400"}],"curies":[{"name":"wp","href":"https:\/\/api.w.org\/{rel}","templated":true}]}}